{"id":1075,"date":"2021-08-05T13:07:16","date_gmt":"2021-08-05T11:07:16","guid":{"rendered":"http:\/\/finances.gov.bi\/?page_id=1075"},"modified":"2021-10-12T11:35:29","modified_gmt":"2021-10-12T09:35:29","slug":"58ieme-edition-du-caucus-africa","status":"publish","type":"page","link":"https:\/\/finances.gov.bi\/index.php\/58ieme-edition-du-caucus-africa\/","title":{"rendered":"58i\u00e8me Edition du Caucus Africain"},"content":{"rendered":"<div class=\"pt-cv-wrapper\"><div class=\"pt-cv-view pt-cv-grid pt-cv-colsys\" id=\"pt-cv-view-cda169fmpk\"><div data-id=\"pt-cv-page-1\" class=\"pt-cv-page\" data-cvc=\"2\"><div class=\"col-md-6 col-sm-6 col-xs-12 pt-cv-content-item pt-cv-2-col\" ><div class='pt-cv-ifield'><a href=\"https:\/\/finances.gov.bi\/index.php\/2021\/08\/05\/discours-de-son-excellence-monsieur-le-president-de-la-republique-du-burundi-a-loccasion-de-louverture-de-la-58eme-edition-du-caucus-africain\/\" class=\"_self pt-cv-href-thumbnail pt-cv-thumb-left\" target=\"_self\" ><img width=\"80\" height=\"90\" src=\"https:\/\/finances.gov.bi\/wp-content\/uploads\/2021\/01\/embleme_burundi_0-80x90.png\" class=\"pt-cv-thumbnail pull-left\" alt=\"\" decoding=\"async\" \/><\/a>\n<div class=\"pt-cv-content\">Discours de Son Excellence Monsieur le Pr\u00e9sident de la R\u00e9publique du Burundi \u00e0 l\u2019occasion de l\u2019ouverture de la 58\u00e8me \u00e9dition ...<br \/><div class=\"pt-cv-rmwrap\"><a href=\"https:\/\/finances.gov.bi\/index.php\/2021\/08\/05\/discours-de-son-excellence-monsieur-le-president-de-la-republique-du-burundi-a-loccasion-de-louverture-de-la-58eme-edition-du-caucus-africain\/\" class=\"_self pt-cv-readmore btn btn-success\" target=\"_self\">Lire La Suite\u2026<\/a><\/div><\/div><\/div><\/div>\n<div class=\"col-md-6 col-sm-6 col-xs-12 pt-cv-content-item pt-cv-2-col\" ><div class='pt-cv-ifield'><a href=\"https:\/\/finances.gov.bi\/index.php\/2021\/08\/05\/jobs-and-economic-transformation-jet-_-albert-g-zeufack\/\" class=\"_self pt-cv-href-thumbnail pt-cv-thumb-left\" target=\"_self\" ><img width=\"80\" height=\"90\" src=\"https:\/\/finances.gov.bi\/wp-content\/uploads\/2021\/01\/embleme_burundi_0-80x90.png\" class=\"pt-cv-thumbnail pull-left\" alt=\"\" decoding=\"async\" \/><\/a>\n<div class=\"pt-cv-content\">jobs and economic transformation (JET) _ Albert G. Zeufack jobs and economic transformation (JET) _ Albert G. ZeufackT\u00e9l\u00e9charger ...<br \/><div class=\"pt-cv-rmwrap\"><a href=\"https:\/\/finances.gov.bi\/index.php\/2021\/08\/05\/jobs-and-economic-transformation-jet-_-albert-g-zeufack\/\" class=\"_self pt-cv-readmore btn btn-success\" target=\"_self\">Lire La Suite\u2026<\/a><\/div><\/div><\/div><\/div>\n<div class=\"col-md-6 col-sm-6 col-xs-12 pt-cv-content-item pt-cv-2-col\" ><div class='pt-cv-ifield'><a href=\"https:\/\/finances.gov.bi\/index.php\/2021\/08\/05\/capital-flight-illicit-financial-flows-_-leonce-ndikumana\/\" class=\"_self pt-cv-href-thumbnail pt-cv-thumb-left\" target=\"_self\" ><img width=\"80\" height=\"90\" src=\"https:\/\/finances.gov.bi\/wp-content\/uploads\/2021\/01\/embleme_burundi_0-80x90.png\" class=\"pt-cv-thumbnail pull-left\" alt=\"\" decoding=\"async\" \/><\/a>\n<div class=\"pt-cv-content\">Capital flight-Illicit Financial Flows _ L\u00e9once Ndikumana Capital flight-Illicit Financial Flows _ L\u00e9once NdikumanaT\u00e9l\u00e9charger ...<br \/><div class=\"pt-cv-rmwrap\"><a href=\"https:\/\/finances.gov.bi\/index.php\/2021\/08\/05\/capital-flight-illicit-financial-flows-_-leonce-ndikumana\/\" class=\"_self pt-cv-readmore btn btn-success\" target=\"_self\">Lire La Suite\u2026<\/a><\/div><\/div><\/div><\/div>\n<div class=\"col-md-6 col-sm-6 col-xs-12 pt-cv-content-item pt-cv-2-col\" ><div class='pt-cv-ifield'><a href=\"https:\/\/finances.gov.bi\/index.php\/2021\/08\/05\/digital-currency-policy-and-design-harvesh-seegolam\/\" class=\"_self pt-cv-href-thumbnail pt-cv-thumb-left\" target=\"_self\" ><img width=\"80\" height=\"90\" src=\"https:\/\/finances.gov.bi\/wp-content\/uploads\/2021\/01\/embleme_burundi_0-80x90.png\" class=\"pt-cv-thumbnail pull-left\" alt=\"\" decoding=\"async\" \/><\/a>\n<div class=\"pt-cv-content\">Digital Currency - Policy and Design - Harvesh Seegolam Digital Currency - Policy and Design - Harvesh SeegolamT\u00e9l\u00e9charger ...<br \/><div class=\"pt-cv-rmwrap\"><a href=\"https:\/\/finances.gov.bi\/index.php\/2021\/08\/05\/digital-currency-policy-and-design-harvesh-seegolam\/\" class=\"_self pt-cv-readmore btn btn-success\" target=\"_self\">Lire La Suite\u2026<\/a><\/div><\/div><\/div><\/div>\n<div class=\"col-md-6 col-sm-6 col-xs-12 pt-cv-content-item pt-cv-2-col\" ><div class='pt-cv-ifield'><a href=\"https:\/\/finances.gov.bi\/index.php\/2021\/08\/05\/eds-message-on-energy-and-climate-discussion\/\" class=\"_self pt-cv-href-thumbnail pt-cv-thumb-left\" target=\"_self\" ><img width=\"80\" height=\"90\" src=\"https:\/\/finances.gov.bi\/wp-content\/uploads\/2021\/01\/embleme_burundi_0-80x90.png\" class=\"pt-cv-thumbnail pull-left\" alt=\"\" decoding=\"async\" \/><\/a>\n<div class=\"pt-cv-content\">EDs Message on Energy and Climate Discussion EDs Message on Energy and Climate DiscussionT\u00e9l\u00e9charger ...<br \/><div class=\"pt-cv-rmwrap\"><a href=\"https:\/\/finances.gov.bi\/index.php\/2021\/08\/05\/eds-message-on-energy-and-climate-discussion\/\" class=\"_self pt-cv-readmore btn btn-success\" target=\"_self\">Lire La Suite\u2026<\/a><\/div><\/div><\/div><\/div>\n<div class=\"col-md-6 col-sm-6 col-xs-12 pt-cv-content-item pt-cv-2-col\" ><div class='pt-cv-ifield'><a href=\"https:\/\/finances.gov.bi\/index.php\/2021\/08\/05\/concept-notes_-2021-african-governors-caucus-meeting_french\/\" class=\"_self pt-cv-href-thumbnail pt-cv-thumb-left\" target=\"_self\" ><img width=\"80\" height=\"90\" src=\"https:\/\/finances.gov.bi\/wp-content\/uploads\/2021\/01\/embleme_burundi_0-80x90.png\" class=\"pt-cv-thumbnail pull-left\" alt=\"\" decoding=\"async\" \/><\/a>\n<div class=\"pt-cv-content\">Concept-Notes_-2021-African-Governors-Caucus-Meeting_French Concept-Notes_-2021-African-Governors-Caucus-Meeting_FrenchT\u00e9l\u00e9charger ...<br \/><div class=\"pt-cv-rmwrap\"><a href=\"https:\/\/finances.gov.bi\/index.php\/2021\/08\/05\/concept-notes_-2021-african-governors-caucus-meeting_french\/\" class=\"_self pt-cv-readmore btn btn-success\" target=\"_self\">Lire La Suite\u2026<\/a><\/div><\/div><\/div><\/div>\n<div class=\"col-md-6 col-sm-6 col-xs-12 pt-cv-content-item pt-cv-2-col\" ><div class='pt-cv-ifield'><a href=\"https:\/\/finances.gov.bi\/index.php\/2021\/08\/05\/navigating-a-long-pandemic_six-challenges-african-caucus-_-ndiaye-papa\/\" class=\"_self pt-cv-href-thumbnail pt-cv-thumb-left\" target=\"_self\" ><img width=\"80\" height=\"90\" src=\"https:\/\/finances.gov.bi\/wp-content\/uploads\/2021\/01\/embleme_burundi_0-80x90.png\" class=\"pt-cv-thumbnail pull-left\" alt=\"\" decoding=\"async\" \/><\/a>\n<div class=\"pt-cv-content\">Navigating a Long Pandemic_Six Challenges - African Caucus _ N'Diaye Papa Navigating-a-Long Pandemic_Six-Challenges - African-Caucus _ N-Diay- PapaT\u00e9l\u00e9charger ...<br \/><div class=\"pt-cv-rmwrap\"><a href=\"https:\/\/finances.gov.bi\/index.php\/2021\/08\/05\/navigating-a-long-pandemic_six-challenges-african-caucus-_-ndiaye-papa\/\" class=\"_self pt-cv-readmore btn btn-success\" target=\"_self\">Lire La Suite\u2026<\/a><\/div><\/div><\/div><\/div>\n<div class=\"col-md-6 col-sm-6 col-xs-12 pt-cv-content-item pt-cv-2-col\" ><div class='pt-cv-ifield'><a href=\"https:\/\/finances.gov.bi\/index.php\/2021\/08\/05\/harnessing-the-potential-of-digital-finance-_-aiaze-mitha\/\" class=\"_self pt-cv-href-thumbnail pt-cv-thumb-left\" target=\"_self\" ><img width=\"80\" height=\"90\" src=\"https:\/\/finances.gov.bi\/wp-content\/uploads\/2021\/01\/embleme_burundi_0-80x90.png\" class=\"pt-cv-thumbnail pull-left\" alt=\"\" decoding=\"async\" \/><\/a>\n<div class=\"pt-cv-content\">Harnessing the potential of digital finance _ Aiaze Mitha Harnessing the potential of digital finance _ Aiaze MithaT\u00e9l\u00e9charger ...<br \/><div class=\"pt-cv-rmwrap\"><a href=\"https:\/\/finances.gov.bi\/index.php\/2021\/08\/05\/harnessing-the-potential-of-digital-finance-_-aiaze-mitha\/\" class=\"_self pt-cv-readmore btn btn-success\" target=\"_self\">Lire La Suite\u2026<\/a><\/div><\/div><\/div><\/div>\n<div class=\"col-md-6 col-sm-6 col-xs-12 pt-cv-content-item pt-cv-2-col\" ><div class='pt-cv-ifield'><a href=\"https:\/\/finances.gov.bi\/index.php\/2021\/08\/05\/african-caucus-cbdcs-and-digital-currencies_sofie-blakstad\/\" class=\"_self pt-cv-href-thumbnail pt-cv-thumb-left\" target=\"_self\" ><img width=\"80\" height=\"90\" src=\"https:\/\/finances.gov.bi\/wp-content\/uploads\/2021\/01\/embleme_burundi_0-80x90.png\" class=\"pt-cv-thumbnail pull-left\" alt=\"\" decoding=\"async\" \/><\/a>\n<div class=\"pt-cv-content\">African Caucus CBDCs and Digital Currencies_Sofie Blakstad African Caucus CBDCs and Digital Currencies_Sofie BlakstadT\u00e9l\u00e9charger ...<br \/><div class=\"pt-cv-rmwrap\"><a href=\"https:\/\/finances.gov.bi\/index.php\/2021\/08\/05\/african-caucus-cbdcs-and-digital-currencies_sofie-blakstad\/\" class=\"_self pt-cv-readmore btn btn-success\" target=\"_self\">Lire La Suite\u2026<\/a><\/div><\/div><\/div><\/div><\/div><\/div><\/div>\n","protected":false},"excerpt":{"rendered":"","protected":false},"author":1,"featured_media":0,"parent":0,"menu_order":0,"comment_status":"closed","ping_status":"closed","template":"","meta":[],"folder":[],"_links":{"self":[{"href":"https:\/\/finances.gov.bi\/index.php\/wp-json\/wp\/v2\/pages\/1075"}],"collection":[{"href":"https:\/\/finances.gov.bi\/index.php\/wp-json\/wp\/v2\/pages"}],"about":[{"href":"https:\/\/finances.gov.bi\/index.php\/wp-json\/wp\/v2\/types\/page"}],"author":[{"embeddable":true,"href":"https:\/\/finances.gov.bi\/index.php\/wp-json\/wp\/v2\/users\/1"}],"replies":[{"embeddable":true,"href":"https:\/\/finances.gov.bi\/index.php\/wp-json\/wp\/v2\/comments?post=1075"}],"version-history":[{"count":3,"href":"https:\/\/finances.gov.bi\/index.php\/wp-json\/wp\/v2\/pages\/1075\/revisions"}],"predecessor-version":[{"id":1303,"href":"https:\/\/finances.gov.bi\/index.php\/wp-json\/wp\/v2\/pages\/1075\/revisions\/1303"}],"wp:attachment":[{"href":"https:\/\/finances.gov.bi\/index.php\/wp-json\/wp\/v2\/media?parent=1075"}],"wp:term":[{"taxonomy":"folder","embeddable":true,"href":"https:\/\/finances.gov.bi\/index.php\/wp-json\/wp\/v2\/folder?post=1075"}],"curies":[{"name":"wp","href":"https:\/\/api.w.org\/{rel}","templated":true}]}}