{"id":1499,"date":"2022-04-19T14:12:21","date_gmt":"2022-04-19T12:12:21","guid":{"rendered":"http:\/\/finances.gov.bi\/?page_id=1499"},"modified":"2024-01-08T22:09:52","modified_gmt":"2024-01-08T21:09:52","slug":"fichiers-a-telecharger","status":"publish","type":"page","link":"https:\/\/finances.gov.bi\/index.php\/fichiers-a-telecharger\/","title":{"rendered":"Fichiers \u00e0 t\u00e9l\u00e9charger"},"content":{"rendered":"\n<div class=\"wp-block-group is-layout-constrained\"><div class=\"pt-cv-wrapper\"><div class=\"pt-cv-view pt-cv-collapsible\" id=\"pt-cv-view-88ec65c1ra\"><div data-id=\"pt-cv-page-1\" class=\"pt-cv-page\" data-cvc=\"1\"><div class=\"panel-group\" id=\"605aaa616q\"><div class=\"panel panel-default pt-cv-content-item pt-cv-1-col\" >\r\n<div class=\"panel-heading pt-cv-title\">\r\n    <a class=\"panel-title\" data-toggle=\"cvcollapse\" data-parent=\"#605aaa616q\" data-target=\"#ee6fdaf9cu\" href='https:\/\/finances.gov.bi\/index.php\/fichiers-a-telecharger-3\/' onclick='event.preventDefault()'>\r\n\t\tBase des donn\u00e9es PTBA Revis\u00e9\t<\/a>\r\n\t<\/div>\r\n<div id=\"ee6fdaf9cu\" class=\"panel-collapse collapse in\">\r\n\t<div class=\"panel-body\">\r\n\t\t<a href=\"https:\/\/finances.gov.bi\/index.php\/fichiers-a-telecharger-3\/\" class=\"_blank pt-cv-href-thumbnail pt-cv-thumb-default\" target=\"_blank\" ><\/a>\n<div class=\"pt-cv-content\">\n<ol>\n<li><a href=\"https:\/\/finances.gov.bi\/wp-content\/uploads\/2022\/11\/Copie-de-000-BASE-DE-DONNEES-AU-MFBPE-GOBALECODE-DES-MINISTERES-ET-INSTITUTIONSvsemi-finale-MBFE-18-11-2022-prete-pour-affichage.xlsx\" target=\"_blank\" rel=\"noreferrer noopener\">BASE DE DONNEES AU MFBPE GOBALE ET CODE DES MINISTERES ET INSTITUTIONS<\/a><\/li>\n\n\n\n<li><a rel=\"noopener\" title=\"\" href=\"https:\/\/finances.gov.bi\/wp-content\/uploads\/2022\/11\/RAPPORT-SYNTHETIQUE-DU-PTBA-REVISE-2022-2023-ET-PLAFONDS-POUR-LE-SECOND-TRIMESTRE-SELON-ANCIENNE-VERSUS-NVLLE-NOMENCLATURE-CATEGORIE-AXEE-SE-GLOBAL-21-11-2022.xls\" target=\"_blank\">RAPPORT SYNTHETIQUE DU PTBA REVISE 2022-2023 ET PLAFONDS POUR LE SECOND TRIMESTRE SELON ANCIENNE VERSUS NVLLE NOMENCLATURE CAT\u00c9GORIE AXEE S&amp;E-GLOBAL-21-11-2022<\/a><\/li>\n\n\n\n<li><a href=\"https:\/\/finances.gov.bi\/wp-content\/uploads\/2023\/04\/RECUEIL-DES-RESULTATS-DE-LEXECUTION-DES-PTBA-TRIM3_2022_2023.xl_.xlsx\" target=\"_blank\" rel=\"noreferrer noopener\">RECUEIL DES RESULTATS DE L&#8217;EXECUTION DES PTBA TRIM3_2022 &#8211; 2023<\/a><\/li>\n<\/ol>\n\n\n\n<p><strong>Base des Donn\u00e9es Revis\u00e9s pour Les Minist\u00e8res et Institutions<\/strong> :<\/p>\n\n\n\n<ol>\n<li><a href=\"https:\/\/finances.gov.bi\/wp-content\/uploads\/2022\/11\/1000-BD-PRESIDENCE.xlsx\" target=\"_blank\" rel=\"noreferrer noopener\">Base de Donn\u00e9es PTBA de la Pr\u00e9sidence de la Republique<\/a><\/li>\n\n\n\n<li><a rel=\"noreferrer noopener\" href=\"https:\/\/finances.gov.bi\/wp-content\/uploads\/2022\/11\/2000-BD-V-P.xlsx\" target=\"_blank\">Base de Donn\u00e9es PTBA de la Vice Pr\u00e9sidence de la Republique<\/a><\/li>\n\n\n\n<li><a href=\"https:\/\/finances.gov.bi\/wp-content\/uploads\/2022\/11\/3000-BD-PRIMATURE.xlsx\" target=\"_blank\" rel=\"noreferrer noopener\">Base de Donn\u00e9es PTBA de la PRIMATURE<\/a><\/li>\n\n\n\n<li><a rel=\"noreferrer noopener\" href=\"https:\/\/finances.gov.bi\/wp-content\/uploads\/2022\/11\/3010-BD-SGE.xlsx\" target=\"_blank\">Base de Donn\u00e9es PTBA du Secr\u00e9tariat G\u00e9n\u00e9ral de l&#8217;Etat<\/a><\/li>\n\n\n\n<li><a href=\"https:\/\/finances.gov.bi\/wp-content\/uploads\/2022\/11\/4000-BD-ASS-N.xlsx\" target=\"_blank\" rel=\"noreferrer noopener\">Base de Donn\u00e9es PTBA de l&#8217;Assemble Nationale<\/a><\/li>\n\n\n\n<li><a href=\"https:\/\/finances.gov.bi\/wp-content\/uploads\/2022\/11\/5000-BD-SENAT-1.xlsx\" target=\"_blank\" rel=\"noreferrer noopener\">Base de Donn\u00e9es PTBA du Senat<\/a><\/li>\n\n\n\n<li><a href=\"https:\/\/finances.gov.bi\/wp-content\/uploads\/2022\/11\/7003-BD-COUR-DES-COMPTES.xlsx\" target=\"_blank\" rel=\"noopener\" title=\"\">Base de Donn\u00e9es PTBA de la &nbsp;Cour des Comptes&nbsp;<\/a><\/li>\n\n\n\n<li><a href=\"https:\/\/finances.gov.bi\/wp-content\/uploads\/2022\/11\/7004-BD-CENI.xlsx\" target=\"_blank\" rel=\"noopener\" title=\"\">Base de Donn\u00e9es PTBA de la Commission Electorale Nationale Ind\u00e9pendante<\/a><\/li>\n\n\n\n<li>&nbsp;<a href=\"https:\/\/finances.gov.bi\/wp-content\/uploads\/2022\/11\/6001-BD-MIDCSP.xlsx\" target=\"_blank\" rel=\"noreferrer noopener\">Base de Donn\u00e9es PTBA du Minist\u00e8re de l&#8217;Int\u00e9rieur, du D\u00e9veloppement Communautaire et de la S\u00e9curit\u00e9 Publique&nbsp;<\/a><\/li>\n\n\n\n<li><a href=\"https:\/\/finances.gov.bi\/wp-content\/uploads\/2022\/11\/6002-BD-MAECD.xlsx\" target=\"_blank\" rel=\"noopener\" title=\"\">Base de Donn\u00e9es PTBA du Minist\u00e8re des Affaires Etrang\u00e8res et de la Coop\u00e9ration au D\u00e9veloppement<\/a><\/li>\n\n\n\n<li><a href=\"https:\/\/finances.gov.bi\/wp-content\/uploads\/2022\/11\/6003-BD-MDNAC.xlsx\" target=\"_blank\" rel=\"noopener\" title=\"\">Base de Donn\u00e9es PTBA du Minist\u00e8re de la D\u00e9fense Nationale et des Anciens Combattants<\/a><\/li>\n\n\n\n<li><a href=\"https:\/\/finances.gov.bi\/wp-content\/uploads\/2022\/11\/6004-BD-MFBPE.xlsx\" target=\"_blank\" rel=\"noopener\" title=\"\">Base de Donn\u00e9es PTBA du Minist\u00e8re des Finances, du Budget et de la Planification Economique<\/a><\/li>\n\n\n\n<li><strong><a href=\"https:\/\/finances.gov.bi\/wp-content\/uploads\/2022\/11\/6006-BD-MFPTE.xlsx\" target=\"_blank\" rel=\"noopener\" title=\"\">Base de Donn\u00e9es PTBA du Minist\u00e8re de la Fonction Publique, du Travail et de l&#8217;Emploi<\/a><\/strong><\/li>\n\n\n\n<li><a href=\"https:\/\/finances.gov.bi\/wp-content\/uploads\/2022\/11\/6005-BD-MJ.xlsx\" target=\"_blank\" rel=\"noopener\" title=\"\">Base de Donn\u00e9es PTBA du Minist\u00e8re de la Justice<\/a><\/li>\n\n\n\n<li><a href=\"https:\/\/finances.gov.bi\/wp-content\/uploads\/2022\/11\/6007-BD-MACEAJSC-1.xlsx\" target=\"_blank\" rel=\"noopener\" title=\"\">Base de Donn\u00e9es PTBA du Minist\u00e8re des affaires de la Communaut\u00e9 Est-Africaine, de la Jeunesse, des Sports et de la Culture<\/a><\/li>\n\n\n\n<li><a href=\"https:\/\/finances.gov.bi\/wp-content\/uploads\/2022\/11\/6008-BD-MCTIM.xlsx\" target=\"_blank\" rel=\"noopener\" title=\"\">Base de Donn\u00e9es PTBA du Minist\u00e8re de la Communication,des T\u00e9chnologies de l&#8217;Information et des M\u00e9dias<\/a><\/li>\n\n\n\n<li><a href=\"https:\/\/finances.gov.bi\/wp-content\/uploads\/2022\/11\/6009-BD-MENRS.xlsx\" target=\"_blank\" rel=\"noopener\" title=\"\">Base de Donn\u00e9es PTBA du Minist\u00e8re de l&#8217;Education Nationale et de la Recherche Scientifique<\/a><\/li>\n\n\n\n<li><a href=\"https:\/\/finances.gov.bi\/wp-content\/uploads\/2022\/11\/6010-BD-MSPLS.xlsx\" target=\"_blank\" rel=\"noopener\" title=\"\">Base de Donn\u00e9es PTBA du Minist\u00e8re de la Sant\u00e9 Publique et de la Lutte contre le SIDA<\/a><\/li>\n\n\n\n<li><a href=\"https:\/\/finances.gov.bi\/wp-content\/uploads\/2022\/11\/6011-BD-MSNASDPHG.xlsx\" target=\"_blank\" rel=\"noopener\" title=\"\">Base de Donn\u00e9es PTBA du Minist\u00e8re de la Solidarit\u00e9 Nationale, des Affaires Sociales, des Droits de la Personne Humaine et du Genre<\/a><\/li>\n\n\n\n<li><a href=\"https:\/\/finances.gov.bi\/wp-content\/uploads\/2022\/11\/6013-BD-MCTIT.xlsx\" target=\"_blank\" rel=\"noopener\" title=\"\">Base de Donn\u00e9es PTBA du Minist\u00e8re du Commerce, du Transport, de l&#8217;Industrie et du Tourisme<\/a><\/li>\n\n\n\n<li><a href=\"https:\/\/finances.gov.bi\/wp-content\/uploads\/2022\/11\/6012-BD-MINEAGRIE.xlsx\" target=\"_blank\" rel=\"noopener\" title=\"\">Base de Donn\u00e9es PTBA du Minist\u00e8re de l&#8217;Environnement, de l&#8217;Agriculture et de l&#8217;\u00c9levage<\/a><\/li>\n\n\n\n<li><a href=\"https:\/\/finances.gov.bi\/wp-content\/uploads\/2022\/11\/6014-BD-MHEM.xlsx\" target=\"_blank\" rel=\"noopener\" title=\"\">Base de Donn\u00e9es PTBA du Minist\u00e8re de l&#8217;Hydraulique, de l&#8217;\u00c9nergie et des Mines<\/a><\/li>\n\n\n\n<li><a href=\"https:\/\/finances.gov.bi\/wp-content\/uploads\/2022\/11\/6015-BD-MIELS.xlsx\" target=\"_blank\" rel=\"noopener\" title=\"\">Base de Donn\u00e9es PTBA du Minist\u00e8re des Infrastructures, de l&#8217;\u00c9quipement et des Logements Sociaux<\/a><\/li>\n\n\n\n<li><a href=\"https:\/\/finances.gov.bi\/wp-content\/uploads\/2022\/11\/7005-BD-OMBUSMAN.xlsx\" target=\"_blank\" rel=\"noopener\" title=\"\">Base de Donn\u00e9es PTBA de l&#8217;Institution Ombusman<\/a><\/li>\n\n\n\n<li><a href=\"https:\/\/finances.gov.bi\/wp-content\/uploads\/2022\/11\/7006-BD-COUR-SUPREME.xlsx\" target=\"_blank\" rel=\"noopener\" title=\"\">Base de Donn\u00e9es PTBA de la Cour Supr\u00eame et Parquet G\u00e9n\u00e9ral de R\u00e9publique<\/a><\/li>\n\n\n\n<li><a href=\"https:\/\/finances.gov.bi\/wp-content\/uploads\/2022\/11\/7007-BD-COUR-CONSTITUTIONNELLE.xlsx\" target=\"_blank\" rel=\"noopener\" title=\"\">Base de Donn\u00e9es PTBA de la Cour Constitutionnelle<\/a><\/li>\n\n\n\n<li><a rel=\"noopener\" title=\"\" href=\"https:\/\/finances.gov.bi\/wp-content\/uploads\/2022\/11\/7008-BD-CEEP-CAMOSO.xlsx\" target=\"_blank\">Base de Donn\u00e9es PTBA du Centre d&#8217;excellence pour l&#8217;\u00e9ducation patriotique\/campagne de moralisation de la soci\u00e9t\u00e9 (CEEP-CAMOSO)<\/a><\/li>\n<\/ol>\n\n\n\n<p><strong>RAPPORT DE MISE EN OEUVRE PTBA DE L&#8217;EXERCICE 2023-2024<\/strong><\/p>\n\n\n\n<ol>\n<li><a rel=\"noreferrer noopener\" href=\"https:\/\/finances.gov.bi\/wp-content\/uploads\/2024\/01\/BDD-VF-RMO-PTBA-T1.xlsx\" target=\"_blank\">Base de donn\u00e9es Version Finale Rapport de mise en \u0153uvre PTBA Trimestre 1<\/a><\/li>\n\n\n\n<li><a rel=\"noreferrer noopener\" href=\"https:\/\/finances.gov.bi\/wp-content\/uploads\/2024\/01\/SYNTHESE-RMO-T1.xlsx\" target=\"_blank\">Synth\u00e8se de Rapport de mise en \u0153uvre PTBA Trimestre 1<\/a><\/li>\n<\/ol>\n\n\n\n<p><strong>RAPPORT DE L\u2019EX\u00c9CUTION DU BUDGET  DE L&#8217;EXERCICE 2023-2024<\/strong><\/p>\n\n\n\n<ol>\n<li><a href=\"https:\/\/finances.gov.bi\/wp-content\/uploads\/2024\/01\/EXECUTION-BUDGET_T1-2023-2024-PAR-LIGNE-BUDGETAIRE.xls\" target=\"_blank\" rel=\"noreferrer noopener\">Ex\u00e9cution du Budget Exercice 2023-2024  Premier Trimestre<\/a><\/li>\n\n\n\n<li><a rel=\"noreferrer noopener\" href=\"https:\/\/finances.gov.bi\/wp-content\/uploads\/2024\/01\/ANNEXES-RECETTES_RAPPORT-EXECUTION-BUDGE_T1_23-24_-31-10-2023.xlsx\" target=\"_blank\">Annexe Recette sur l&#8217; Ex\u00e9cution du Budget Exercice 2023-2024 Premier Trimestre<\/a><\/li>\n<\/ol>\n\n\n\n<p><strong>CANEVAS DU PTBA ET PAP 2024-2025<\/strong><\/p>\n\n\n\n<ol>\n<li><a href=\"https:\/\/finances.gov.bi\/wp-content\/uploads\/2024\/04\/CANEVAS-PTBA-2024-2025communesspphopitaux.xlsx\" target=\"_blank\" rel=\"noreferrer noopener\">Canevas PTBA 2024-2025<\/a><\/li>\n\n\n\n<li><a href=\"https:\/\/finances.gov.bi\/wp-content\/uploads\/2024\/04\/CANEVAS-PAP-PTBA-1.xlsx\" target=\"_blank\" rel=\"noreferrer noopener\">Canevas PAP 2024-2025<\/a><\/li>\n<\/ol>\n<\/div>\t<\/div>\r\n<\/div><\/div><\/div><\/div><\/div><\/div><\/div>\n\n\n<div class=\"pt-cv-wrapper\"><div class=\"pt-cv-view pt-cv-collapsible\" id=\"pt-cv-view-5b3118arz7\"><div data-id=\"pt-cv-page-1\" class=\"pt-cv-page\" data-cvc=\"1\"><div class=\"panel-group\" id=\"ae8050468q\"><div class=\"panel panel-default pt-cv-content-item pt-cv-1-col\" >\r\n<div class=\"panel-heading pt-cv-title\">\r\n    <a class=\"panel-title\" data-toggle=\"cvcollapse\" data-parent=\"#ae8050468q\" data-target=\"#dec1380ugp\" href='https:\/\/finances.gov.bi\/index.php\/fichiers-a-telecharger-2\/' onclick='event.preventDefault()'>\r\n\t\tFichiers \u00e0 t\u00e9l\u00e9charger pour PTBA Ancienne Version\t<\/a>\r\n\t<\/div>\r\n<div id=\"dec1380ugp\" class=\"panel-collapse collapse in\">\r\n\t<div class=\"panel-body\">\r\n\t\t<a href=\"https:\/\/finances.gov.bi\/index.php\/fichiers-a-telecharger-2\/\" class=\"_blank pt-cv-href-thumbnail pt-cv-thumb-default\" target=\"_blank\" ><\/a>\n<div class=\"pt-cv-content\">Budget Synth\u00e8se de PTBA des Institutions et des Sectoriels, Exercice 2022-2023 Budget Synth\u00e8se de PTBA des Communes, Exercice 2022-2023 SUPER &#8230;<br \/><div class=\"pt-cv-rmwrap\"><a href=\"https:\/\/finances.gov.bi\/index.php\/fichiers-a-telecharger-2\/\" class=\"_blank pt-cv-readmore btn btn-success\" target=\"_blank\">Lire La Suite\u2026<\/a><\/div><\/div>\t<\/div>\r\n<\/div><\/div><\/div><\/div><\/div><\/div>","protected":false},"excerpt":{"rendered":"","protected":false},"author":1,"featured_media":0,"parent":0,"menu_order":0,"comment_status":"closed","ping_status":"closed","template":"","meta":[],"folder":[],"_links":{"self":[{"href":"https:\/\/finances.gov.bi\/index.php\/wp-json\/wp\/v2\/pages\/1499"}],"collection":[{"href":"https:\/\/finances.gov.bi\/index.php\/wp-json\/wp\/v2\/pages"}],"about":[{"href":"https:\/\/finances.gov.bi\/index.php\/wp-json\/wp\/v2\/types\/page"}],"author":[{"embeddable":true,"href":"https:\/\/finances.gov.bi\/index.php\/wp-json\/wp\/v2\/users\/1"}],"replies":[{"embeddable":true,"href":"https:\/\/finances.gov.bi\/index.php\/wp-json\/wp\/v2\/comments?post=1499"}],"version-history":[{"count":65,"href":"https:\/\/finances.gov.bi\/index.php\/wp-json\/wp\/v2\/pages\/1499\/revisions"}],"predecessor-version":[{"id":3538,"href":"https:\/\/finances.gov.bi\/index.php\/wp-json\/wp\/v2\/pages\/1499\/revisions\/3538"}],"wp:attachment":[{"href":"https:\/\/finances.gov.bi\/index.php\/wp-json\/wp\/v2\/media?parent=1499"}],"wp:term":[{"taxonomy":"folder","embeddable":true,"href":"https:\/\/finances.gov.bi\/index.php\/wp-json\/wp\/v2\/folder?post=1499"}],"curies":[{"name":"wp","href":"https:\/\/api.w.org\/{rel}","templated":true}]}}