{"id":25,"date":"2020-11-27T16:13:28","date_gmt":"2020-11-27T15:13:28","guid":{"rendered":"http:\/\/finances.gov.bi\/?page_id=25"},"modified":"2021-01-06T13:05:34","modified_gmt":"2021-01-06T12:05:34","slug":"budget","status":"publish","type":"page","link":"https:\/\/finances.gov.bi\/index.php\/budget\/","title":{"rendered":"Budget"},"content":{"rendered":"<div class=\"pt-cv-wrapper\"><div class=\"pt-cv-view pt-cv-grid pt-cv-colsys\" id=\"pt-cv-view-0e42aceiro\"><div data-id=\"pt-cv-page-1\" class=\"pt-cv-page\" data-cvc=\"2\"><div class=\"col-md-6 col-sm-6 col-xs-12 pt-cv-content-item pt-cv-2-col\" ><div class='pt-cv-ifield'><a href=\"https:\/\/finances.gov.bi\/index.php\/2025\/06\/28\/loi-de-finances-2025-2026\/\" class=\"_self pt-cv-href-thumbnail pt-cv-thumb-left\" target=\"_self\" ><img width=\"80\" height=\"90\" src=\"https:\/\/finances.gov.bi\/wp-content\/uploads\/2021\/01\/embleme_burundi_0-80x90.png\" class=\"pt-cv-thumbnail pull-left\" alt=\"\" decoding=\"async\" \/><\/a>\n<div class=\"pt-cv-content\">Loi de finances 2025-2026 LOI DE FINANCES 2025-2026T\u00e9l\u00e9charger ...<br \/><div class=\"pt-cv-rmwrap\"><a href=\"https:\/\/finances.gov.bi\/index.php\/2025\/06\/28\/loi-de-finances-2025-2026\/\" class=\"_self pt-cv-readmore btn btn-success\" target=\"_self\">Lire La Suite\u2026<\/a><\/div><\/div><\/div><\/div>\n<div class=\"col-md-6 col-sm-6 col-xs-12 pt-cv-content-item pt-cv-2-col\" ><div class='pt-cv-ifield'><a href=\"https:\/\/finances.gov.bi\/index.php\/2025\/01\/03\/la-loi-n1-27-du-30-decembre-2024-portant-modification-de-la-loi-n1-19-du-28juin-2024-portant-fixation-du-budget-general-de-la-republique-du-burundi-pour-lexercic\/\" class=\"_self pt-cv-href-thumbnail pt-cv-thumb-left\" target=\"_self\" ><img width=\"130\" height=\"90\" src=\"https:\/\/finances.gov.bi\/wp-content\/uploads\/2021\/01\/cropped-embleme_burundi_0-130x90.png\" class=\"pt-cv-thumbnail pull-left\" alt=\"\" decoding=\"async\" srcset=\"https:\/\/finances.gov.bi\/wp-content\/uploads\/2021\/01\/cropped-embleme_burundi_0-130x90.png 130w, https:\/\/finances.gov.bi\/wp-content\/uploads\/2021\/01\/cropped-embleme_burundi_0-392x272.png 392w\" sizes=\"(max-width: 130px) 100vw, 130px\" \/><\/a>\n<div class=\"pt-cv-content\">La loi n\u00b01\/27 du 30 D\u00e9cembre 2024 portant modification de la loi n\u00b01\/19 du 28Juin 2024 portant fixation du Budget ...<br \/><div class=\"pt-cv-rmwrap\"><a href=\"https:\/\/finances.gov.bi\/index.php\/2025\/01\/03\/la-loi-n1-27-du-30-decembre-2024-portant-modification-de-la-loi-n1-19-du-28juin-2024-portant-fixation-du-budget-general-de-la-republique-du-burundi-pour-lexercic\/\" class=\"_self pt-cv-readmore btn btn-success\" target=\"_self\">Lire La Suite\u2026<\/a><\/div><\/div><\/div><\/div>\n<div class=\"col-md-6 col-sm-6 col-xs-12 pt-cv-content-item pt-cv-2-col\" ><div class='pt-cv-ifield'><a href=\"https:\/\/finances.gov.bi\/index.php\/2024\/07\/20\/tableau-iv-compte-de-resultant-de-lexercice-au-30-06-2023\/\" class=\"_self pt-cv-href-thumbnail pt-cv-thumb-left\" target=\"_self\" ><img width=\"80\" height=\"90\" src=\"https:\/\/finances.gov.bi\/wp-content\/uploads\/2021\/01\/embleme_burundi_0-80x90.png\" class=\"pt-cv-thumbnail pull-left\" alt=\"\" decoding=\"async\" \/><\/a>\n<div class=\"pt-cv-content\">Tableau IV : Compte de r\u00e9sultant de l'exercice au 30\/06\/2023. 'EXERCICE AU 30-06-2023 (1)T\u00e9l\u00e9charger ...<br \/><div class=\"pt-cv-rmwrap\"><a href=\"https:\/\/finances.gov.bi\/index.php\/2024\/07\/20\/tableau-iv-compte-de-resultant-de-lexercice-au-30-06-2023\/\" class=\"_self pt-cv-readmore btn btn-success\" target=\"_self\">Lire La Suite\u2026<\/a><\/div><\/div><\/div><\/div>\n<div class=\"col-md-6 col-sm-6 col-xs-12 pt-cv-content-item pt-cv-2-col\" ><div class='pt-cv-ifield'><a href=\"https:\/\/finances.gov.bi\/index.php\/2024\/01\/03\/loi-n1-28-du-31decembre-2023-portant-modification-de-la-loi-n1-16-du-28-juin-2023-portant-fixation-du-budget-general-de-la-republique-du-burundi-pour-lexercice-2023-2024\/\" class=\"_self pt-cv-href-thumbnail pt-cv-thumb-left\" target=\"_self\" ><img width=\"80\" height=\"90\" src=\"https:\/\/finances.gov.bi\/wp-content\/uploads\/2021\/01\/embleme_burundi_0-80x90.png\" class=\"pt-cv-thumbnail pull-left\" alt=\"\" decoding=\"async\" \/><\/a>\n<div class=\"pt-cv-content\">Loi N\u00b01\/28 du 31Decembre 2023 portant modification de la loi N\u00b01\/16 du 28 juin 2023 portant fixation du Budget G\u00e9n\u00e9ral ...<br \/><div class=\"pt-cv-rmwrap\"><a href=\"https:\/\/finances.gov.bi\/index.php\/2024\/01\/03\/loi-n1-28-du-31decembre-2023-portant-modification-de-la-loi-n1-16-du-28-juin-2023-portant-fixation-du-budget-general-de-la-republique-du-burundi-pour-lexercice-2023-2024\/\" class=\"_self pt-cv-readmore btn btn-success\" target=\"_self\">Lire La Suite\u2026<\/a><\/div><\/div><\/div><\/div>\n<div class=\"col-md-6 col-sm-6 col-xs-12 pt-cv-content-item pt-cv-2-col\" ><div class='pt-cv-ifield'><a href=\"https:\/\/finances.gov.bi\/index.php\/2022\/09\/23\/synthese-du-budget-general-de-la-republique-du-burundi-budget-citoyen-exercice-2022-2023\/\" class=\"_self pt-cv-href-thumbnail pt-cv-thumb-left\" target=\"_self\" ><img width=\"80\" height=\"90\" src=\"https:\/\/finances.gov.bi\/wp-content\/uploads\/2021\/01\/embleme_burundi_0-80x90.png\" class=\"pt-cv-thumbnail pull-left\" alt=\"\" decoding=\"async\" \/><\/a>\n<div class=\"pt-cv-content\">Synth\u00e8se du Budget G\u00e9n\u00e9ral de la Republique du Burundi\/Budget Citoyen, exercice 2022\/2023. Budget Citoyen Fcais 2022-2023 VFT\u00e9l\u00e9charger ...<br \/><div class=\"pt-cv-rmwrap\"><a href=\"https:\/\/finances.gov.bi\/index.php\/2022\/09\/23\/synthese-du-budget-general-de-la-republique-du-burundi-budget-citoyen-exercice-2022-2023\/\" class=\"_self pt-cv-readmore btn btn-success\" target=\"_self\">Lire La Suite\u2026<\/a><\/div><\/div><\/div><\/div>\n<div class=\"col-md-6 col-sm-6 col-xs-12 pt-cv-content-item pt-cv-2-col\" ><div class='pt-cv-ifield'><a href=\"https:\/\/finances.gov.bi\/index.php\/2022\/07\/04\/la-loi-n1-20-du-30-juin-2022-portant-la-fixation-du-budget-general-de-la-republique-du-burundi-pour-lexercice-2022-2023\/\" class=\"_self pt-cv-href-thumbnail pt-cv-thumb-left\" target=\"_self\" ><img width=\"80\" height=\"90\" src=\"https:\/\/finances.gov.bi\/wp-content\/uploads\/2021\/01\/embleme_burundi_0-80x90.png\" class=\"pt-cv-thumbnail pull-left\" alt=\"\" decoding=\"async\" \/><\/a>\n<div class=\"pt-cv-content\">La loi n\u00b01\/20 du 30 Juin 2022 portant la fixation du Budget G\u00e9n\u00e9ral de la R\u00e9publique du Burundi pour l\u2019exercice ...<br \/><div class=\"pt-cv-rmwrap\"><a href=\"https:\/\/finances.gov.bi\/index.php\/2022\/07\/04\/la-loi-n1-20-du-30-juin-2022-portant-la-fixation-du-budget-general-de-la-republique-du-burundi-pour-lexercice-2022-2023\/\" class=\"_self pt-cv-readmore btn btn-success\" target=\"_self\">Lire La Suite\u2026<\/a><\/div><\/div><\/div><\/div>\n<div class=\"col-md-6 col-sm-6 col-xs-12 pt-cv-content-item pt-cv-2-col\" ><div class='pt-cv-ifield'><a href=\"https:\/\/finances.gov.bi\/index.php\/2022\/01\/25\/communication-sur-les-realisations-du-ministere-des-finances-du-budget-et-de-la-planification-economique-au-cours-du-premier-semestre-exercice-2021-2022\/\" class=\"_self pt-cv-href-thumbnail pt-cv-thumb-left\" target=\"_self\" ><img width=\"80\" height=\"90\" src=\"https:\/\/finances.gov.bi\/wp-content\/uploads\/2021\/01\/embleme_burundi_0-80x90.png\" class=\"pt-cv-thumbnail pull-left\" alt=\"\" decoding=\"async\" \/><\/a>\n<div class=\"pt-cv-content\">Communication sur les r\u00e9alisations du Minist\u00e8re des Finances , du Budget et de la Planification \u00c9conomique au cours du premier ...<br \/><div class=\"pt-cv-rmwrap\"><a href=\"https:\/\/finances.gov.bi\/index.php\/2022\/01\/25\/communication-sur-les-realisations-du-ministere-des-finances-du-budget-et-de-la-planification-economique-au-cours-du-premier-semestre-exercice-2021-2022\/\" class=\"_self pt-cv-readmore btn btn-success\" target=\"_self\">Lire La Suite\u2026<\/a><\/div><\/div><\/div><\/div>\n<div class=\"col-md-6 col-sm-6 col-xs-12 pt-cv-content-item pt-cv-2-col\" ><div class='pt-cv-ifield'><a href=\"https:\/\/finances.gov.bi\/index.php\/2021\/08\/12\/synthese-du-budget-general-de-la-republique-du-burundi-budget-citoyen-exercice-2021-2022\/\" class=\"_self pt-cv-href-thumbnail pt-cv-thumb-left\" target=\"_self\" ><img width=\"80\" height=\"90\" src=\"https:\/\/finances.gov.bi\/wp-content\/uploads\/2021\/01\/embleme_burundi_0-80x90.png\" class=\"pt-cv-thumbnail pull-left\" alt=\"\" decoding=\"async\" \/><\/a>\n<div class=\"pt-cv-content\">Synth\u00e8se du budget g\u00e9n\u00e9ral de la R\u00e9publique du Burundi\/budget citoyen, exercice 2021\/2022. Budget-Citoyen-Fcais-2021-2022T\u00e9l\u00e9charger ...<br \/><div class=\"pt-cv-rmwrap\"><a href=\"https:\/\/finances.gov.bi\/index.php\/2021\/08\/12\/synthese-du-budget-general-de-la-republique-du-burundi-budget-citoyen-exercice-2021-2022\/\" class=\"_self pt-cv-readmore btn btn-success\" target=\"_self\">Lire La Suite\u2026<\/a><\/div><\/div><\/div><\/div>\n<div class=\"col-md-6 col-sm-6 col-xs-12 pt-cv-content-item pt-cv-2-col\" ><div class='pt-cv-ifield'><a href=\"https:\/\/finances.gov.bi\/index.php\/2021\/07\/07\/la-loi-n1-20-du-25-juin-2021-portant-la-fixation-du-budget-general-de-la-republique-du-burundi-pour-lexercice-2021-2022\/\" class=\"_self pt-cv-href-thumbnail pt-cv-thumb-left\" target=\"_self\" ><img width=\"80\" height=\"90\" src=\"https:\/\/finances.gov.bi\/wp-content\/uploads\/2021\/01\/embleme_burundi_0-80x90.png\" class=\"pt-cv-thumbnail pull-left\" alt=\"\" decoding=\"async\" \/><\/a>\n<div class=\"pt-cv-content\">La loi n\u00b01\/20 du 25 Juin 2021 portant la fixation du Budget G\u00e9n\u00e9ral de la R\u00e9publique du BURUNDI pour l\u2019exercice ...<br \/><div class=\"pt-cv-rmwrap\"><a href=\"https:\/\/finances.gov.bi\/index.php\/2021\/07\/07\/la-loi-n1-20-du-25-juin-2021-portant-la-fixation-du-budget-general-de-la-republique-du-burundi-pour-lexercice-2021-2022\/\" class=\"_self pt-cv-readmore btn btn-success\" target=\"_self\">Lire La Suite\u2026<\/a><\/div><\/div><\/div><\/div>\n<div class=\"col-md-6 col-sm-6 col-xs-12 pt-cv-content-item pt-cv-2-col\" ><div class='pt-cv-ifield'><a href=\"https:\/\/finances.gov.bi\/index.php\/2020\/08\/26\/la-synthese-du-budget-general-de-la-republique-du-burundi-pour-lexercice-2020-2021\/\" class=\"_self pt-cv-href-thumbnail pt-cv-thumb-left\" target=\"_self\" ><img width=\"80\" height=\"90\" src=\"https:\/\/finances.gov.bi\/wp-content\/uploads\/2021\/01\/embleme_burundi_0-80x90.png\" class=\"pt-cv-thumbnail pull-left\" alt=\"\" decoding=\"async\" \/><\/a>\n<div class=\"pt-cv-content\">La synth\u00e8se du budget g\u00e9n\u00e9ral de la R\u00e9publique du Burundi pour l\u2019Exercice 2020\/2021 Budget Citoyen Fcais 2020-2021T\u00e9l\u00e9charger ...<br \/><div class=\"pt-cv-rmwrap\"><a href=\"https:\/\/finances.gov.bi\/index.php\/2020\/08\/26\/la-synthese-du-budget-general-de-la-republique-du-burundi-pour-lexercice-2020-2021\/\" class=\"_self pt-cv-readmore btn btn-success\" target=\"_self\">Lire La Suite\u2026<\/a><\/div><\/div><\/div><\/div><\/div><\/div><\/div>\n","protected":false},"excerpt":{"rendered":"","protected":false},"author":1,"featured_media":0,"parent":0,"menu_order":0,"comment_status":"closed","ping_status":"closed","template":"","meta":[],"folder":[],"_links":{"self":[{"href":"https:\/\/finances.gov.bi\/index.php\/wp-json\/wp\/v2\/pages\/25"}],"collection":[{"href":"https:\/\/finances.gov.bi\/index.php\/wp-json\/wp\/v2\/pages"}],"about":[{"href":"https:\/\/finances.gov.bi\/index.php\/wp-json\/wp\/v2\/types\/page"}],"author":[{"embeddable":true,"href":"https:\/\/finances.gov.bi\/index.php\/wp-json\/wp\/v2\/users\/1"}],"replies":[{"embeddable":true,"href":"https:\/\/finances.gov.bi\/index.php\/wp-json\/wp\/v2\/comments?post=25"}],"version-history":[{"count":2,"href":"https:\/\/finances.gov.bi\/index.php\/wp-json\/wp\/v2\/pages\/25\/revisions"}],"predecessor-version":[{"id":433,"href":"https:\/\/finances.gov.bi\/index.php\/wp-json\/wp\/v2\/pages\/25\/revisions\/433"}],"wp:attachment":[{"href":"https:\/\/finances.gov.bi\/index.php\/wp-json\/wp\/v2\/media?parent=25"}],"wp:term":[{"taxonomy":"folder","embeddable":true,"href":"https:\/\/finances.gov.bi\/index.php\/wp-json\/wp\/v2\/folder?post=25"}],"curies":[{"name":"wp","href":"https:\/\/api.w.org\/{rel}","templated":true}]}}