{"id":4300,"date":"2025-02-05T06:28:05","date_gmt":"2025-02-05T05:28:05","guid":{"rendered":"https:\/\/finances.gov.bi\/?page_id=4300"},"modified":"2025-02-05T09:28:14","modified_gmt":"2025-02-05T08:28:14","slug":"decrets-sur-le-bp","status":"publish","type":"page","link":"https:\/\/finances.gov.bi\/index.php\/decrets-sur-le-bp\/","title":{"rendered":"D\u00e9crets sur le BP"},"content":{"rendered":"<div class=\"pt-cv-wrapper\"><div class=\"pt-cv-view pt-cv-blockgrid iscvblock iscvhybrid list1 layout1\" id=\"pt-cv-view-921fe77en5\"><div data-id=\"pt-cv-page-1\" class=\"pt-cv-page\" data-cvc=\"1\"><div class=\" pt-cv-content-item pt-cv-2-col\" ><div class=\"pt-cv-thumb-wrapper pull-left \"><a href=\"https:\/\/finances.gov.bi\/index.php\/2025\/09\/23\/decret-n100-018-du-17-septembre-2025-portant-modification-du-decret-n100-002-du-05-aout-2025-portant-structure-fonctionnement-et-missions-du-gouvernement-de-la-republique-du-burundi\/\" class=\"_self pt-cv-href-thumbnail pt-cv-thumb-left\" target=\"_self\" ><img width=\"80\" height=\"100\" src=\"https:\/\/finances.gov.bi\/wp-content\/uploads\/2021\/01\/embleme_burundi_0.png\" class=\"pt-cv-thumbnail pull-left\" alt=\"\" decoding=\"async\" \/><\/a><\/div>\n<div class=\"pt-cv-colwrap\"><h4 class=\"pt-cv-title\"><a href=\"https:\/\/finances.gov.bi\/index.php\/2025\/09\/23\/decret-n100-018-du-17-septembre-2025-portant-modification-du-decret-n100-002-du-05-aout-2025-portant-structure-fonctionnement-et-missions-du-gouvernement-de-la-republique-du-burundi\/\" class=\"_self\" target=\"_self\" >D\u00e9cret n\u00b0100\/018 du 17 septembre 2025 portant modification du d\u00e9cret n\u00b0100\/002 du 05 ao\u00fbt 2025 portant structure, fonctionnement et missions du gouvernement de la r\u00e9publique du Burundi.<\/a><\/h4><\/div><\/div>\n<div class=\" pt-cv-content-item pt-cv-2-col\" ><div class=\"pt-cv-thumb-wrapper pull-left \"><a href=\"https:\/\/finances.gov.bi\/index.php\/2025\/02\/05\/decret-n100-174-du-12-novembre-2024-portant-fixation-du-calendrier-de-preparation-des-projets-des-lois-de-finances\/\" class=\"_self pt-cv-href-thumbnail pt-cv-thumb-left\" target=\"_self\" ><img width=\"80\" height=\"100\" src=\"https:\/\/finances.gov.bi\/wp-content\/uploads\/2021\/01\/embleme_burundi_0.png\" class=\"pt-cv-thumbnail pull-left\" alt=\"\" decoding=\"async\" \/><\/a><\/div>\n<div class=\"pt-cv-colwrap\"><h4 class=\"pt-cv-title\"><a href=\"https:\/\/finances.gov.bi\/index.php\/2025\/02\/05\/decret-n100-174-du-12-novembre-2024-portant-fixation-du-calendrier-de-preparation-des-projets-des-lois-de-finances\/\" class=\"_self\" target=\"_self\" >D\u00e9cret N\u00b0100\/174 du 12 Novembre 2024 portant fixation du calendrier\u00a0 de pr\u00e9paration des projets des lois de finances.<\/a><\/h4><\/div><\/div>\n<div class=\" pt-cv-content-item pt-cv-2-col\" ><div class=\"pt-cv-thumb-wrapper pull-left \"><a href=\"https:\/\/finances.gov.bi\/index.php\/2024\/11\/13\/decret-n100-166-du-24-octobre-2024-portant-fonction-de-comptable-public\/\" class=\"_self pt-cv-href-thumbnail pt-cv-thumb-left\" target=\"_self\" ><img width=\"80\" height=\"100\" src=\"https:\/\/finances.gov.bi\/wp-content\/uploads\/2021\/01\/embleme_burundi_0.png\" class=\"pt-cv-thumbnail pull-left\" alt=\"\" decoding=\"async\" \/><\/a><\/div>\n<div class=\"pt-cv-colwrap\"><h4 class=\"pt-cv-title\"><a href=\"https:\/\/finances.gov.bi\/index.php\/2024\/11\/13\/decret-n100-166-du-24-octobre-2024-portant-fonction-de-comptable-public\/\" class=\"_self\" target=\"_self\" >D\u00e9cret N\u00b0100\/166 du\u00a0 24\u00a0 Octobre\u00a0 2024 portant fonction de comptable public.<\/a><\/h4><\/div><\/div>\n<div class=\" pt-cv-content-item pt-cv-2-col\" ><div class=\"pt-cv-thumb-wrapper pull-left \"><a href=\"https:\/\/finances.gov.bi\/index.php\/2024\/11\/13\/decret-n100-168-du-04-novembre-2024-portant-reglement-de-la-comptabilite-des-matieres-de-letat-et-autres-organismes-publics\/\" class=\"_self pt-cv-href-thumbnail pt-cv-thumb-left\" target=\"_self\" ><img width=\"80\" height=\"100\" src=\"https:\/\/finances.gov.bi\/wp-content\/uploads\/2021\/01\/embleme_burundi_0.png\" class=\"pt-cv-thumbnail pull-left\" alt=\"\" decoding=\"async\" \/><\/a><\/div>\n<div class=\"pt-cv-colwrap\"><h4 class=\"pt-cv-title\"><a href=\"https:\/\/finances.gov.bi\/index.php\/2024\/11\/13\/decret-n100-168-du-04-novembre-2024-portant-reglement-de-la-comptabilite-des-matieres-de-letat-et-autres-organismes-publics\/\" class=\"_self\" target=\"_self\" >D\u00e9cret N\u00b0100\/168 du 04 Novembre 2024 portant r\u00e8glement de la comptabilit\u00e9 des mati\u00e8res de l&#8217;Etat et autres organismes publics.<\/a><\/h4><\/div><\/div>\n<div class=\" pt-cv-content-item pt-cv-2-col\" ><div class=\"pt-cv-thumb-wrapper pull-left \"><a href=\"https:\/\/finances.gov.bi\/index.php\/2024\/08\/05\/decret-n-100-137-du-05-aout-2024-portant-definition-du-perimetre-la-structure-et-le-fonctionnement-du-compte-unique-du-tresor\/\" class=\"_self pt-cv-href-thumbnail pt-cv-thumb-left\" target=\"_self\" ><img width=\"80\" height=\"100\" src=\"https:\/\/finances.gov.bi\/wp-content\/uploads\/2021\/01\/embleme_burundi_0.png\" class=\"pt-cv-thumbnail pull-left\" alt=\"\" decoding=\"async\" \/><\/a><\/div>\n<div class=\"pt-cv-colwrap\"><h4 class=\"pt-cv-title\"><a href=\"https:\/\/finances.gov.bi\/index.php\/2024\/08\/05\/decret-n-100-137-du-05-aout-2024-portant-definition-du-perimetre-la-structure-et-le-fonctionnement-du-compte-unique-du-tresor\/\" class=\"_self\" target=\"_self\" >D\u00e9cret N\u00b0 100 \/137\u00a0 du 05 Aout\u00a0 2024 portant d\u00e9finition du p\u00e9rim\u00e8tre , la structure et le fonctionnement du compte unique du tr\u00e9sor.<\/a><\/h4><\/div><\/div>\n<div class=\" pt-cv-content-item pt-cv-2-col\" ><div class=\"pt-cv-thumb-wrapper pull-left \"><a href=\"https:\/\/finances.gov.bi\/index.php\/2024\/04\/27\/decret-n-100-070-du-27-avril-2024-portant-determination-des-roles-attributions-et-cadre-relationnel-des-acteurs-dans-le-cadre-de-la-deconcentration-de-lordonnancement\/\" class=\"_self pt-cv-href-thumbnail pt-cv-thumb-left\" target=\"_self\" ><img width=\"80\" height=\"100\" src=\"https:\/\/finances.gov.bi\/wp-content\/uploads\/2021\/01\/embleme_burundi_0.png\" class=\"pt-cv-thumbnail pull-left\" alt=\"\" decoding=\"async\" \/><\/a><\/div>\n<div class=\"pt-cv-colwrap\"><h4 class=\"pt-cv-title\"><a href=\"https:\/\/finances.gov.bi\/index.php\/2024\/04\/27\/decret-n-100-070-du-27-avril-2024-portant-determination-des-roles-attributions-et-cadre-relationnel-des-acteurs-dans-le-cadre-de-la-deconcentration-de-lordonnancement\/\" class=\"_self\" target=\"_self\" >D\u00e9cret N\u00b0 100 \/070 du 27 Avril 2024 portant d\u00e9termination des r\u00f4les , attributions et cadre relationnel  des acteurs dans le cadre de la d\u00e9concentration de l&#8217;ordonnancement.<\/a><\/h4><\/div><\/div>\n<div class=\" pt-cv-content-item pt-cv-2-col\" ><div class=\"pt-cv-thumb-wrapper pull-left \"><a href=\"https:\/\/finances.gov.bi\/index.php\/2024\/04\/03\/decret-n100-057-du-03-avril-2024-portant-cadre-technique-general-de-la-nomenclature-budgetaire-de-letat\/\" class=\"_self pt-cv-href-thumbnail pt-cv-thumb-left\" target=\"_self\" ><img width=\"80\" height=\"100\" src=\"https:\/\/finances.gov.bi\/wp-content\/uploads\/2021\/01\/embleme_burundi_0.png\" class=\"pt-cv-thumbnail pull-left\" alt=\"\" decoding=\"async\" \/><\/a><\/div>\n<div class=\"pt-cv-colwrap\"><h4 class=\"pt-cv-title\"><a href=\"https:\/\/finances.gov.bi\/index.php\/2024\/04\/03\/decret-n100-057-du-03-avril-2024-portant-cadre-technique-general-de-la-nomenclature-budgetaire-de-letat\/\" class=\"_self\" target=\"_self\" >D\u00e9cret N\u00b0100\/057 du 03 Avril 2024 portant cadre technique G\u00e9n\u00e9ral de la nomenclature budg\u00e9taire de l&#8217;Etat<\/a><\/h4><\/div><\/div>\n<div class=\" pt-cv-content-item pt-cv-2-col\" ><div class=\"pt-cv-thumb-wrapper pull-left \"><a href=\"https:\/\/finances.gov.bi\/index.php\/2024\/04\/03\/decret-n-100-056-du-03-avril-2024-portant-cadre-technique-general-du-plan-comptable-de-letat\/\" class=\"_self pt-cv-href-thumbnail pt-cv-thumb-left\" target=\"_self\" ><img width=\"80\" height=\"100\" src=\"https:\/\/finances.gov.bi\/wp-content\/uploads\/2021\/01\/embleme_burundi_0.png\" class=\"pt-cv-thumbnail pull-left\" alt=\"\" decoding=\"async\" \/><\/a><\/div>\n<div class=\"pt-cv-colwrap\"><h4 class=\"pt-cv-title\"><a href=\"https:\/\/finances.gov.bi\/index.php\/2024\/04\/03\/decret-n-100-056-du-03-avril-2024-portant-cadre-technique-general-du-plan-comptable-de-letat\/\" class=\"_self\" target=\"_self\" >D\u00e9cret N\u00b0 100 \/056 du 03 Avril 2024 portant cadre technique g\u00e9n\u00e9ral du plan comptable de l&#8217;Etat.<\/a><\/h4><\/div><\/div><\/div><\/div><\/div>\t\t\t<style type=\"text\/css\" id=\"pt-cv-inline-style-e8aae4916o\">\n#pt-cv-view-921fe77en5 .pt-cv-thumb-wrapper:not(.miniwrap) { width: 10%; }#pt-cv-view-921fe77en5 .pt-cv-thumbnail:not(.pt-cv-thumbnailsm) { height: 100px; }#pt-cv-view-921fe77en5 > .pt-cv-page {grid-template-columns: repeat(1, 1fr);grid-gap: 15px;}\n@media all and (max-width: 1024px) { \n#pt-cv-view-921fe77en5 > .pt-cv-page {grid-template-columns: repeat(1, 1fr);}\n} \n@media all and (max-width: 767px) { \n#pt-cv-view-921fe77en5 > .pt-cv-page {grid-template-columns: repeat(1, 1fr);}\n} <\/style>\r\n\t\t\t\n","protected":false},"excerpt":{"rendered":"","protected":false},"author":1,"featured_media":0,"parent":0,"menu_order":0,"comment_status":"closed","ping_status":"closed","template":"","meta":[],"folder":[],"_links":{"self":[{"href":"https:\/\/finances.gov.bi\/index.php\/wp-json\/wp\/v2\/pages\/4300"}],"collection":[{"href":"https:\/\/finances.gov.bi\/index.php\/wp-json\/wp\/v2\/pages"}],"about":[{"href":"https:\/\/finances.gov.bi\/index.php\/wp-json\/wp\/v2\/types\/page"}],"author":[{"embeddable":true,"href":"https:\/\/finances.gov.bi\/index.php\/wp-json\/wp\/v2\/users\/1"}],"replies":[{"embeddable":true,"href":"https:\/\/finances.gov.bi\/index.php\/wp-json\/wp\/v2\/comments?post=4300"}],"version-history":[{"count":2,"href":"https:\/\/finances.gov.bi\/index.php\/wp-json\/wp\/v2\/pages\/4300\/revisions"}],"predecessor-version":[{"id":4306,"href":"https:\/\/finances.gov.bi\/index.php\/wp-json\/wp\/v2\/pages\/4300\/revisions\/4306"}],"wp:attachment":[{"href":"https:\/\/finances.gov.bi\/index.php\/wp-json\/wp\/v2\/media?parent=4300"}],"wp:term":[{"taxonomy":"folder","embeddable":true,"href":"https:\/\/finances.gov.bi\/index.php\/wp-json\/wp\/v2\/folder?post=4300"}],"curies":[{"name":"wp","href":"https:\/\/api.w.org\/{rel}","templated":true}]}}