{"id":4623,"date":"2025-02-24T17:34:47","date_gmt":"2025-02-24T16:34:47","guid":{"rendered":"https:\/\/finances.gov.bi\/?page_id=4623"},"modified":"2025-02-24T17:35:09","modified_gmt":"2025-02-24T16:35:09","slug":"om-portant-nomination-des-responsables-de-programmes","status":"publish","type":"page","link":"https:\/\/finances.gov.bi\/index.php\/om-portant-nomination-des-responsables-de-programmes\/","title":{"rendered":"OM portant nomination des responsables de programmes"},"content":{"rendered":"<div class=\"pt-cv-wrapper\"><div class=\"pt-cv-view pt-cv-blockgrid iscvblock iscvhybrid list1 layout1\" id=\"pt-cv-view-c680bcc5y6\"><div data-id=\"pt-cv-page-1\" class=\"pt-cv-page\" data-cvc=\"1\"><div class=\" pt-cv-content-item pt-cv-2-col\" ><div class=\"pt-cv-thumb-wrapper pull-left \"><a href=\"https:\/\/finances.gov.bi\/index.php\/2026\/04\/10\/ordonnance-ministerielle-n-540-1253-du-08-04-2026-portant-nomination-des-chefs-des-services-provinciaux-du-ministere-des-finances-du-budget-et-de-leconomie-numerique\/\" class=\"_self pt-cv-href-thumbnail pt-cv-thumb-left\" target=\"_self\" ><img width=\"80\" height=\"100\" src=\"https:\/\/finances.gov.bi\/wp-content\/uploads\/2021\/01\/embleme_burundi_0.png\" class=\"pt-cv-thumbnail pull-left\" alt=\"\" decoding=\"async\" \/><\/a><\/div>\n<div class=\"pt-cv-colwrap\"><h4 class=\"pt-cv-title\"><a href=\"https:\/\/finances.gov.bi\/index.php\/2026\/04\/10\/ordonnance-ministerielle-n-540-1253-du-08-04-2026-portant-nomination-des-chefs-des-services-provinciaux-du-ministere-des-finances-du-budget-et-de-leconomie-numerique\/\" class=\"_self\" target=\"_self\" >Ordonnance minist\u00e9rielle n 540\/1253 du 08\/04\/2026 portant nomination des chefs des services provinciaux du minist\u00e8re des finances, du budget et de l\u2019\u00e9conomie num\u00e9rique.<\/a><\/h4><\/div><\/div>\n<div class=\" pt-cv-content-item pt-cv-2-col\" ><div class=\"pt-cv-thumb-wrapper pull-left \"><a href=\"https:\/\/finances.gov.bi\/index.php\/2025\/02\/06\/ordonnance-ministerielle-n-540-973-du-24-1-2025-portant-modalites-de-mise-en-application-de-larticle-147-de-la-loi-n-1-27-du-30-decembre-2024-portant-modification-de-la-loi-n-2\/\" class=\"_self pt-cv-href-thumbnail pt-cv-thumb-left\" target=\"_self\" ><img width=\"80\" height=\"100\" src=\"https:\/\/finances.gov.bi\/wp-content\/uploads\/2021\/01\/embleme_burundi_0.png\" class=\"pt-cv-thumbnail pull-left\" alt=\"\" decoding=\"async\" \/><\/a><\/div>\n<div class=\"pt-cv-colwrap\"><h4 class=\"pt-cv-title\"><a href=\"https:\/\/finances.gov.bi\/index.php\/2025\/02\/06\/ordonnance-ministerielle-n-540-973-du-24-1-2025-portant-modalites-de-mise-en-application-de-larticle-147-de-la-loi-n-1-27-du-30-decembre-2024-portant-modification-de-la-loi-n-2\/\" class=\"_self\" target=\"_self\" >Ordonnance  N\u00b0 540\/O96 du 19\/07\/2024 portant  nomination et d\u00e9l\u00e9gation de la fonction d&#8217;ordonnateur au Coordonnateur des programmes , au responsable de la fonction financi\u00e8re et aux responsable des programmes , d&#8217;actions et d&#8217;activit\u00e9s du Minist\u00e8re des Finances , du Budget et de la Planification Economique.<\/a><\/h4><\/div><\/div>\n<div class=\" pt-cv-content-item pt-cv-2-col\" ><div class=\"pt-cv-thumb-wrapper pull-left \"><a href=\"https:\/\/finances.gov.bi\/index.php\/2025\/01\/13\/ordonnance-n-710-0187-du-13-01-2025-portant-nomination-des-acteurs-dans-le-cadre-de-la-deconcentration-de-lordonnancement-pour-le-ministere-de-lenvironnement-de-lagriculture-et-de\/\" class=\"_self pt-cv-href-thumbnail pt-cv-thumb-left\" target=\"_self\" ><img width=\"80\" height=\"100\" src=\"https:\/\/finances.gov.bi\/wp-content\/uploads\/2021\/01\/embleme_burundi_0.png\" class=\"pt-cv-thumbnail pull-left\" alt=\"\" decoding=\"async\" \/><\/a><\/div>\n<div class=\"pt-cv-colwrap\"><h4 class=\"pt-cv-title\"><a href=\"https:\/\/finances.gov.bi\/index.php\/2025\/01\/13\/ordonnance-n-710-0187-du-13-01-2025-portant-nomination-des-acteurs-dans-le-cadre-de-la-deconcentration-de-lordonnancement-pour-le-ministere-de-lenvironnement-de-lagriculture-et-de\/\" class=\"_self\" target=\"_self\" >Ordonnance N\u00b0 710\/0187\u00a0 du 13\/01\/2025 portant nomination des acteurs dans le cadre de la d\u00e9concentration de l&#8217;ordonnancement pour le Minist\u00e8re de l&#8217;environnement , de l&#8217;agriculture et de l&#8217;Elevage.<\/a><\/h4><\/div><\/div>\n<div class=\" pt-cv-content-item pt-cv-2-col\" ><div class=\"pt-cv-thumb-wrapper pull-left \"><a href=\"https:\/\/finances.gov.bi\/index.php\/2024\/12\/13\/ordonnance-n520-793-du-13-12-2024-portant-nomination-et-delegation-de-la-fonction-dordonnateur-au-coordonnateur-des-programmes-aux-responsables-de-la-fonction-financiere-et-aux-responsables-d\/\" class=\"_self pt-cv-href-thumbnail pt-cv-thumb-left\" target=\"_self\" ><img width=\"80\" height=\"100\" src=\"https:\/\/finances.gov.bi\/wp-content\/uploads\/2021\/01\/embleme_burundi_0.png\" class=\"pt-cv-thumbnail pull-left\" alt=\"\" decoding=\"async\" \/><\/a><\/div>\n<div class=\"pt-cv-colwrap\"><h4 class=\"pt-cv-title\"><a href=\"https:\/\/finances.gov.bi\/index.php\/2024\/12\/13\/ordonnance-n520-793-du-13-12-2024-portant-nomination-et-delegation-de-la-fonction-dordonnateur-au-coordonnateur-des-programmes-aux-responsables-de-la-fonction-financiere-et-aux-responsables-d\/\" class=\"_self\" target=\"_self\" >Ordonnance N\u00b0520\/793 du 13\/12\/2024 portant nomination et d\u00e9l\u00e9gation de la fonction d&#8217;ordonnateur au coordonnateur des programmes, aux responsables de la fonction financi\u00e8re et aux responsables des programmes, d&#8217;actions et d&#8217;activit\u00e9s du Minist\u00e8re de la D\u00e9fense Nationale et des Anciens Combattants.<\/a><\/h4><\/div><\/div>\n<div class=\" pt-cv-content-item pt-cv-2-col\" ><div class=\"pt-cv-thumb-wrapper pull-left \"><a href=\"https:\/\/finances.gov.bi\/index.php\/2024\/10\/02\/ordonnance-n-1701-18-cm-2024-du-02-10-2024-portant-nomination-des-responsables-des-programmes-au-ministere-des-affaires-de-la-communautes-est-africaine-de-la-jeunesse-des-sports\/\" class=\"_self pt-cv-href-thumbnail pt-cv-thumb-left\" target=\"_self\" ><img width=\"80\" height=\"100\" src=\"https:\/\/finances.gov.bi\/wp-content\/uploads\/2021\/01\/embleme_burundi_0.png\" class=\"pt-cv-thumbnail pull-left\" alt=\"\" decoding=\"async\" \/><\/a><\/div>\n<div class=\"pt-cv-colwrap\"><h4 class=\"pt-cv-title\"><a href=\"https:\/\/finances.gov.bi\/index.php\/2024\/10\/02\/ordonnance-n-1701-18-cm-2024-du-02-10-2024-portant-nomination-des-responsables-des-programmes-au-ministere-des-affaires-de-la-communautes-est-africaine-de-la-jeunesse-des-sports\/\" class=\"_self\" target=\"_self\" >Ordonnance N\u00b0 1701\/18\/CM\/2024\u00a0 du 02\/10\/2024 portant nomination des responsables des programmes au Minist\u00e8re des Affaires de la Communaut\u00e9s\u00a0 Est Africaine , de la Jeunesse , des Sports et de la Culture.<\/a><\/h4><\/div><\/div>\n<div class=\" pt-cv-content-item pt-cv-2-col\" ><div class=\"pt-cv-thumb-wrapper pull-left \"><a href=\"https:\/\/finances.gov.bi\/index.php\/2024\/09\/16\/ordonnance-n-760-cab-3638-2024-du-16-09-2024-portant-delegation-de-la-fonction-dordonnateur-au-coordonnateur-des-programmes-et-aux-responsable-des-programmes-dact\/\" class=\"_self pt-cv-href-thumbnail pt-cv-thumb-left\" target=\"_self\" ><img width=\"80\" height=\"100\" src=\"https:\/\/finances.gov.bi\/wp-content\/uploads\/2021\/01\/embleme_burundi_0.png\" class=\"pt-cv-thumbnail pull-left\" alt=\"\" decoding=\"async\" \/><\/a><\/div>\n<div class=\"pt-cv-colwrap\"><h4 class=\"pt-cv-title\"><a href=\"https:\/\/finances.gov.bi\/index.php\/2024\/09\/16\/ordonnance-n-760-cab-3638-2024-du-16-09-2024-portant-delegation-de-la-fonction-dordonnateur-au-coordonnateur-des-programmes-et-aux-responsable-des-programmes-dact\/\" class=\"_self\" target=\"_self\" >Ordonnance\u00a0 N\u00b0 760\/CAB\/3638\/2024\u00a0 du 16\/09\/2024 portant d\u00e9l\u00e9gation de la fonction d\u2019ordonnateur au Coordonnateur des programmes et aux responsable des programmes , d\u2019actions et d\u2019activit\u00e9s du Minist\u00e8re de l&#8217;Hydraulique, de l&#8217;Energie et des Mines.<\/a><\/h4><\/div><\/div>\n<div class=\" pt-cv-content-item pt-cv-2-col\" ><div class=\"pt-cv-thumb-wrapper pull-left \"><a href=\"https:\/\/finances.gov.bi\/index.php\/2024\/09\/03\/ordonnance-ministerielle-n-610-334-du-03-09-2024-portant-nomination-et-delegation-de-la-fonction-dordonnateur-au-coordonnateur-des-programmes-au-responsable-de-la-fonction-finan\/\" class=\"_self pt-cv-href-thumbnail pt-cv-thumb-left\" target=\"_self\" ><img width=\"80\" height=\"100\" src=\"https:\/\/finances.gov.bi\/wp-content\/uploads\/2021\/01\/embleme_burundi_0.png\" class=\"pt-cv-thumbnail pull-left\" alt=\"\" decoding=\"async\" \/><\/a><\/div>\n<div class=\"pt-cv-colwrap\"><h4 class=\"pt-cv-title\"><a href=\"https:\/\/finances.gov.bi\/index.php\/2024\/09\/03\/ordonnance-ministerielle-n-610-334-du-03-09-2024-portant-nomination-et-delegation-de-la-fonction-dordonnateur-au-coordonnateur-des-programmes-au-responsable-de-la-fonction-finan\/\" class=\"_self\" target=\"_self\" >Ordonnance Minist\u00e9rielle N\u00b0 610\/334\u00a0 du 03\/09\/2024 portant nomination et d\u00e9l\u00e9gation de la fonction d\u2019ordonnateur au Coordonnateur des programmes , au responsable de la fonction financi\u00e8re et aux responsable des programmes , d\u2019actions et d\u2019activit\u00e9s du Minist\u00e8re de l&#8217;Education Nationale et de la Recherche Scientifique.<\/a><\/h4><\/div><\/div>\n<div class=\" pt-cv-content-item pt-cv-2-col\" ><div class=\"pt-cv-thumb-wrapper pull-left \"><a href=\"https:\/\/finances.gov.bi\/index.php\/2024\/08\/30\/ordonnance-ministerielle-n750-5591-du-30-08-2024-portant-nomination-et-delegation-de-la-fonction-dordonnateur-au-coordonnateur-des-programmes-au-responsable-de-la-f\/\" class=\"_self pt-cv-href-thumbnail pt-cv-thumb-left\" target=\"_self\" ><img width=\"80\" height=\"100\" src=\"https:\/\/finances.gov.bi\/wp-content\/uploads\/2021\/01\/embleme_burundi_0.png\" class=\"pt-cv-thumbnail pull-left\" alt=\"\" decoding=\"async\" \/><\/a><\/div>\n<div class=\"pt-cv-colwrap\"><h4 class=\"pt-cv-title\"><a href=\"https:\/\/finances.gov.bi\/index.php\/2024\/08\/30\/ordonnance-ministerielle-n750-5591-du-30-08-2024-portant-nomination-et-delegation-de-la-fonction-dordonnateur-au-coordonnateur-des-programmes-au-responsable-de-la-f\/\" class=\"_self\" target=\"_self\" >Ordonnance minist\u00e9rielle N\u00b0750\/5591\u00a0 du\u00a0 \u00a030\/08\/ 2024 portant nomination et d\u00e9l\u00e9gation de la fonction d\u2019ordonnateur au Coordonnateur des programmes , au responsable de la fonction financi\u00e8re et aux responsable des programmes , d\u2019actions et d\u2019activit\u00e9s du Minist\u00e8re du Commerce , du Transport , de l&#8217;Industrie et du Tourisme.<\/a><\/h4><\/div><\/div>\n<div class=\" pt-cv-content-item pt-cv-2-col\" ><div class=\"pt-cv-thumb-wrapper pull-left \"><a href=\"https:\/\/finances.gov.bi\/index.php\/2024\/08\/14\/ordonnance-n-530-238-du-14-08-2024-portant-nomination-et-delegation-de-la-fonction-dordonnateur-au-coordonnateur-des-programmes-au-responsable-de-la-fonction-financiere-et-aux-r\/\" class=\"_self pt-cv-href-thumbnail pt-cv-thumb-left\" target=\"_self\" ><img width=\"80\" height=\"100\" src=\"https:\/\/finances.gov.bi\/wp-content\/uploads\/2021\/01\/embleme_burundi_0.png\" class=\"pt-cv-thumbnail pull-left\" alt=\"\" decoding=\"async\" \/><\/a><\/div>\n<div class=\"pt-cv-colwrap\"><h4 class=\"pt-cv-title\"><a href=\"https:\/\/finances.gov.bi\/index.php\/2024\/08\/14\/ordonnance-n-530-238-du-14-08-2024-portant-nomination-et-delegation-de-la-fonction-dordonnateur-au-coordonnateur-des-programmes-au-responsable-de-la-fonction-financiere-et-aux-r\/\" class=\"_self\" target=\"_self\" >Ordonnance N\u00b0 530\/238\u00a0 du 14\/08\/2024 portant nomination et d\u00e9l\u00e9gation de la fonction d\u2019ordonnateur au Coordonnateur des programmes , au responsable de la fonction financi\u00e8re et aux responsable des programmes , d\u2019actions et d\u2019activit\u00e9s du Minist\u00e8re de l&#8217;Int\u00e9rieur , du D\u00e9veloppement Communautaire et de la S\u00e9curit\u00e9 Publique.<\/a><\/h4><\/div><\/div>\n<div class=\" pt-cv-content-item pt-cv-2-col\" ><div class=\"pt-cv-thumb-wrapper pull-left \"><a href=\"https:\/\/finances.gov.bi\/index.php\/2024\/08\/13\/ordonnance-n-225-1-236-du-13-08-2024-portant-nomination-et-delegation-de-la-fonction-dordonnateur-au-coordonnateur-des-programmes-au-responsable-de-la-fonction-financiere-et-aux-respo\/\" class=\"_self pt-cv-href-thumbnail pt-cv-thumb-left\" target=\"_self\" ><img width=\"80\" height=\"100\" src=\"https:\/\/finances.gov.bi\/wp-content\/uploads\/2021\/01\/embleme_burundi_0.png\" class=\"pt-cv-thumbnail pull-left\" alt=\"\" decoding=\"async\" \/><\/a><\/div>\n<div class=\"pt-cv-colwrap\"><h4 class=\"pt-cv-title\"><a href=\"https:\/\/finances.gov.bi\/index.php\/2024\/08\/13\/ordonnance-n-225-1-236-du-13-08-2024-portant-nomination-et-delegation-de-la-fonction-dordonnateur-au-coordonnateur-des-programmes-au-responsable-de-la-fonction-financiere-et-aux-respo\/\" class=\"_self\" target=\"_self\" >Ordonnance N\u00b0 225.1\/236 du 13\/08\/2024 portant nomination et d\u00e9l\u00e9gation de la fonction d\u2019ordonnateur au Coordonnateur des programmes , au responsable de la fonction financi\u00e8re et aux responsable des programmes , d\u2019actions et d\u2019activit\u00e9s du Minist\u00e8re de\u00a0 la Solidarit\u00e9 , des Affaires Sociales et du Genre.<\/a><\/h4><\/div><\/div><\/div><\/div><\/div>\t\t\t<style type=\"text\/css\" id=\"pt-cv-inline-style-88191789mg\">\n#pt-cv-view-c680bcc5y6 .pt-cv-thumb-wrapper:not(.miniwrap) { width: 10%; }#pt-cv-view-c680bcc5y6 .pt-cv-thumbnail:not(.pt-cv-thumbnailsm) { height: 100px; }#pt-cv-view-c680bcc5y6 > .pt-cv-page {grid-template-columns: repeat(1, 1fr);grid-gap: 15px;}\n@media all and (max-width: 1024px) { \n#pt-cv-view-c680bcc5y6 > .pt-cv-page {grid-template-columns: repeat(1, 1fr);}\n} \n@media all and (max-width: 767px) { \n#pt-cv-view-c680bcc5y6 > .pt-cv-page {grid-template-columns: repeat(1, 1fr);}\n} <\/style>\r\n\t\t\t\n","protected":false},"excerpt":{"rendered":"","protected":false},"author":1,"featured_media":0,"parent":0,"menu_order":0,"comment_status":"closed","ping_status":"closed","template":"","meta":[],"folder":[],"_links":{"self":[{"href":"https:\/\/finances.gov.bi\/index.php\/wp-json\/wp\/v2\/pages\/4623"}],"collection":[{"href":"https:\/\/finances.gov.bi\/index.php\/wp-json\/wp\/v2\/pages"}],"about":[{"href":"https:\/\/finances.gov.bi\/index.php\/wp-json\/wp\/v2\/types\/page"}],"author":[{"embeddable":true,"href":"https:\/\/finances.gov.bi\/index.php\/wp-json\/wp\/v2\/users\/1"}],"replies":[{"embeddable":true,"href":"https:\/\/finances.gov.bi\/index.php\/wp-json\/wp\/v2\/comments?post=4623"}],"version-history":[{"count":2,"href":"https:\/\/finances.gov.bi\/index.php\/wp-json\/wp\/v2\/pages\/4623\/revisions"}],"predecessor-version":[{"id":4626,"href":"https:\/\/finances.gov.bi\/index.php\/wp-json\/wp\/v2\/pages\/4623\/revisions\/4626"}],"wp:attachment":[{"href":"https:\/\/finances.gov.bi\/index.php\/wp-json\/wp\/v2\/media?parent=4623"}],"wp:term":[{"taxonomy":"folder","embeddable":true,"href":"https:\/\/finances.gov.bi\/index.php\/wp-json\/wp\/v2\/folder?post=4623"}],"curies":[{"name":"wp","href":"https:\/\/api.w.org\/{rel}","templated":true}]}}