{"id":5356,"date":"2025-08-06T15:46:35","date_gmt":"2025-08-06T13:46:35","guid":{"rendered":"https:\/\/finances.gov.bi\/?page_id=5356"},"modified":"2025-08-06T15:47:23","modified_gmt":"2025-08-06T13:47:23","slug":"mission","status":"publish","type":"page","link":"https:\/\/finances.gov.bi\/index.php\/mission\/","title":{"rendered":"Missions"},"content":{"rendered":"<p><strong>Decret n\u00b0100\/002 du 05 aout 2025 portant structure, fonctionnement et missions du Gouvernement de la R\u00e9publique du Burundi attribue au Minist\u00e8re des Finances, du Budget et de l\u2019Economie Num\u00e9rique les missions suivantes:<\/strong><\/p>\n<p>1\u00b0 concevoir et ex\u00e9cuter la politique financi\u00e8re et mon\u00e9taire du Gouvernement;<\/p>\n<p>2\u00b0 coordonner les activit\u00e9s de ses antennes provinciales ;<\/p>\n<p>3\u00b0 centraliser et \u00e9valuer les rapports des antennes provinciales transmis \u00e0 travers le cabinet du gouverneur de province;<\/p>\n<p>4\u00b0 conc\u00e9der le pouvoir d\u2019agir en qualit\u00e9 d\u2019ordonnateur provincial d\u00e9l\u00e9gu\u00e9 aux gouverneurs des provinces;<\/p>\n<p>5\u00b0 coordonner et assurer le suivi des op\u00e9rations du Compte Unique du Tr\u00e9sor;<\/p>\n<p>6\u00b0 transf\u00e9rer les ressources financi\u00e8res et humaines selon les programmes d\u00e9centralis\u00e9s ;<\/p>\n<p>7\u00b0 ex\u00e9cuter la politique nationale de d\u00e9centralisation;<\/p>\n<p>8\u00b0 assurer l\u2019ad\u00e9quation entre les ressources transf\u00e9r\u00e9es et les responsabilit\u00e9s confi\u00e9es aux entit\u00e9s d\u00e9centralis\u00e9es conform\u00e9ment \u00e0 la l\u00e9gislation en la mati\u00e8re;<\/p>\n<p>9\u00b0 accompagner techniquement ses entit\u00e9s d\u00e9centralis\u00e9es dans l\u2019\u00e9laboration et la mise en \u0153uvre des projets de d\u00e9veloppement;<\/p>\n<p>10\u00b0 diffuser et vulgariser, \u00e0 tous les \u00e9chelons de l\u2019administration, les textes l\u00e9gislatifs et r\u00e9glementaires r\u00e9gissant la d\u00e9centralisation des services du Minist\u00e8re ainsi que les autres outils de mise en application desdits textes;<\/p>\n<p>11\u00b0 assurer une gestion saine des finances publiques pour le d\u00e9veloppement \u00e9conomique et social;<\/p>\n<p>12\u00b0 pr\u00e9parer le budget g\u00e9n\u00e9ral de l\u2019Etat et en assurer l\u2019ex\u00e9cution;<\/p>\n<p>13\u00b0 assurer la mission d\u2019ordonnateur des d\u00e9penses de son administration centrale et transf\u00e9rer les ressources li\u00e9es aux programmes des autres minist\u00e8res;<\/p>\n<p>14\u00b0 superviser l\u2019ensemble des activit\u00e9s engageant financi\u00e8rement l\u2019Etat;<\/p>\n<p>15\u00b0 \u00e9laborer et mettre en \u0153uvre la politique nationale des technologies de l\u2019information;<\/p>\n<p>16\u00b0 \u00e9laborer une politique coh\u00e9rente de promotion et de d\u00e9veloppement des technologies modernes de t\u00e9l\u00e9communications;<\/p>\n<p>17\u00b0 d\u00e9finir le domaine du service postal universel, des services r\u00e9serv\u00e9s et des services ouverts \u00e0 la concurrence;<\/p>\n<p>18\u00b0 \u00e9laborer et mettre en \u0153uvre la politique nationale postale;<\/p>\n<p>19\u00b0 renforcer les capacit\u00e9s en mati\u00e8re postale et dans le domaine des t\u00e9l\u00e9communications;<\/p>\n<p>20\u00b0 \u00e9laborer et mettre en \u0153uvre une politique de modernisation et de rationalisation des r\u00e9seaux de t\u00e9l\u00e9communication nationale et internationale;<\/p>\n<p>21\u00b0 assurer l\u2019op\u00e9rationnalisation du Code des communications \u00e9lectroniques ;<\/p>\n<p>22\u00b0 garantir l\u2019offre des services de communication \u00e9lectronique et faciliter leur acc\u00e8s universel;<\/p>\n<p>23\u00b0 mettre en \u0153uvre les recommandations et les d\u00e9cisions arr\u00eat\u00e9es en Conseil des Ministres;<\/p>\n<p>24\u00b0 faciliter la coop\u00e9ration du Burundi avec les organisations sous-r\u00e9gionales, r\u00e9gionales et internationales dans le secteur des communications \u00e9lectroniques et des technologies de l\u2019information et de la communication, TIC en sigle;<\/p>\n<p>25\u00b0 concevoir et mettre en \u0153uvre une politique coh\u00e9rente de promotion et de d\u00e9veloppement des infrastructures et des technologies num\u00e9riques modernes;<\/p>\n<p>26\u00b0 \u00e9laborer et mettre en \u0153uvre la politique de digitalisation des services publics;<\/p>\n<p>27\u00b0 assurer le suivi de la contribution et du fonctionnement du Fonds de Service Universel des TICs.<\/p>\n<p>&nbsp;<\/p>\n","protected":false},"excerpt":{"rendered":"<p>Decret n\u00b0100\/002 du 05 aout 2025 portant structure, fonctionnement et missions du Gouvernement de la R\u00e9publique du Burundi attribue au<\/p>\n","protected":false},"author":2,"featured_media":0,"parent":0,"menu_order":0,"comment_status":"closed","ping_status":"closed","template":"","meta":[],"folder":[],"_links":{"self":[{"href":"https:\/\/finances.gov.bi\/index.php\/wp-json\/wp\/v2\/pages\/5356"}],"collection":[{"href":"https:\/\/finances.gov.bi\/index.php\/wp-json\/wp\/v2\/pages"}],"about":[{"href":"https:\/\/finances.gov.bi\/index.php\/wp-json\/wp\/v2\/types\/page"}],"author":[{"embeddable":true,"href":"https:\/\/finances.gov.bi\/index.php\/wp-json\/wp\/v2\/users\/2"}],"replies":[{"embeddable":true,"href":"https:\/\/finances.gov.bi\/index.php\/wp-json\/wp\/v2\/comments?post=5356"}],"version-history":[{"count":7,"href":"https:\/\/finances.gov.bi\/index.php\/wp-json\/wp\/v2\/pages\/5356\/revisions"}],"predecessor-version":[{"id":5676,"href":"https:\/\/finances.gov.bi\/index.php\/wp-json\/wp\/v2\/pages\/5356\/revisions\/5676"}],"wp:attachment":[{"href":"https:\/\/finances.gov.bi\/index.php\/wp-json\/wp\/v2\/media?parent=5356"}],"wp:term":[{"taxonomy":"folder","embeddable":true,"href":"https:\/\/finances.gov.bi\/index.php\/wp-json\/wp\/v2\/folder?post=5356"}],"curies":[{"name":"wp","href":"https:\/\/api.w.org\/{rel}","templated":true}]}}