{"id":56,"date":"2020-11-27T16:31:34","date_gmt":"2020-11-27T15:31:34","guid":{"rendered":"http:\/\/finances.gov.bi\/?page_id=56"},"modified":"2024-03-20T13:32:46","modified_gmt":"2024-03-20T12:32:46","slug":"decrets","status":"publish","type":"page","link":"https:\/\/finances.gov.bi\/index.php\/decrets\/","title":{"rendered":"D\u00e9crets"},"content":{"rendered":"<div class=\"pt-cv-wrapper\"><div class=\"pt-cv-view pt-cv-blockgrid iscvblock iscvhybrid list1 layout1\" id=\"pt-cv-view-b92ba8cq86\"><div data-id=\"pt-cv-page-1\" class=\"pt-cv-page\" data-cvc=\"1\"><div class=\" pt-cv-content-item pt-cv-2-col\" ><div class=\"pt-cv-thumb-wrapper pull-left \"><a href=\"https:\/\/finances.gov.bi\/index.php\/2026\/02\/17\/decret-no-100-009-du-09-02-2026-portant-modification-du-decret-no-100-044-du-16-03-2020-portant-creation-missions-organisation-et-fonctionnement-de-la-cellule-nationale-du-renseignement-financier-au\/\" class=\"_self pt-cv-href-thumbnail pt-cv-thumb-left\" target=\"_self\" ><img width=\"80\" height=\"90\" src=\"https:\/\/finances.gov.bi\/wp-content\/uploads\/2021\/01\/embleme_burundi_0-80x90.png\" class=\"pt-cv-thumbnail pull-left\" alt=\"\" decoding=\"async\" \/><\/a><\/div>\n<div class=\"pt-cv-colwrap\"><h4 class=\"pt-cv-title\"><a href=\"https:\/\/finances.gov.bi\/index.php\/2026\/02\/17\/decret-no-100-009-du-09-02-2026-portant-modification-du-decret-no-100-044-du-16-03-2020-portant-creation-missions-organisation-et-fonctionnement-de-la-cellule-nationale-du-renseignement-financier-au\/\" class=\"_self\" target=\"_self\" >D\u00e9cret no 100\/009 DU 09\/02\/2026 portant modification du d\u00e9cret no 100\/044 du 16\/03\/2020 portant cr\u00e9ation, missions, organisation et fonctionnement de la cellule nationale du renseignement financier au Burundi \u00abCNRF\u00bb en sigle.<\/a><\/h4><\/div><\/div>\n<div class=\" pt-cv-content-item pt-cv-2-col\" ><div class=\"pt-cv-thumb-wrapper pull-left \"><a href=\"https:\/\/finances.gov.bi\/index.php\/2025\/12\/10\/decret-n100-110-du-08-decembre-2025-portant-creation-organisation-missions-et-fonctionnement-des-directions-provinciales-au-ministere-des-finances-du-budget-et-de-leconomie-numerique\/\" class=\"_self pt-cv-href-thumbnail pt-cv-thumb-left\" target=\"_self\" ><img width=\"80\" height=\"90\" src=\"https:\/\/finances.gov.bi\/wp-content\/uploads\/2021\/01\/embleme_burundi_0-80x90.png\" class=\"pt-cv-thumbnail pull-left\" alt=\"\" decoding=\"async\" \/><\/a><\/div>\n<div class=\"pt-cv-colwrap\"><h4 class=\"pt-cv-title\"><a href=\"https:\/\/finances.gov.bi\/index.php\/2025\/12\/10\/decret-n100-110-du-08-decembre-2025-portant-creation-organisation-missions-et-fonctionnement-des-directions-provinciales-au-ministere-des-finances-du-budget-et-de-leconomie-numerique\/\" class=\"_self\" target=\"_self\" >D\u00e9cret n\u00b0100\/110 du 08 d\u00e9cembre 2025 portant cr\u00e9ation, organisation, missions et fonctionnement des directions provinciales au minist\u00e8re des finances, du budget et de l\u2019\u00e9conomie num\u00e9rique.<\/a><\/h4><\/div><\/div>\n<div class=\" pt-cv-content-item pt-cv-2-col\" ><div class=\"pt-cv-thumb-wrapper pull-left \"><a href=\"https:\/\/finances.gov.bi\/index.php\/2025\/11\/12\/decret-n-100-095-du-11-novembre-2025-portant-nomination-des-hauts-cadres-et-cadres-au-ministere-des-finances-du-budget-et-de-leconomie-numerique\/\" class=\"_self pt-cv-href-thumbnail pt-cv-thumb-left\" target=\"_self\" ><img width=\"80\" height=\"90\" src=\"https:\/\/finances.gov.bi\/wp-content\/uploads\/2021\/01\/embleme_burundi_0-80x90.png\" class=\"pt-cv-thumbnail pull-left\" alt=\"\" decoding=\"async\" \/><\/a><\/div>\n<div class=\"pt-cv-colwrap\"><h4 class=\"pt-cv-title\"><a href=\"https:\/\/finances.gov.bi\/index.php\/2025\/11\/12\/decret-n-100-095-du-11-novembre-2025-portant-nomination-des-hauts-cadres-et-cadres-au-ministere-des-finances-du-budget-et-de-leconomie-numerique\/\" class=\"_self\" target=\"_self\" >D\u00e9cret n\u00b0 100\/095 du 11 novembre 2025 portant nomination des hauts cadres et cadres au minist\u00e8re des finances, du budget et de l\u2019\u00e9conomie num\u00e9rique.<\/a><\/h4><\/div><\/div>\n<div class=\" pt-cv-content-item pt-cv-2-col\" ><div class=\"pt-cv-thumb-wrapper pull-left \"><a href=\"https:\/\/finances.gov.bi\/index.php\/2025\/09\/23\/decret-n100-018-du-17-septembre-2025-portant-modification-du-decret-n100-002-du-05-aout-2025-portant-structure-fonctionnement-et-missions-du-gouvernement-de-la-republique-du-burundi\/\" class=\"_self pt-cv-href-thumbnail pt-cv-thumb-left\" target=\"_self\" ><img width=\"80\" height=\"90\" src=\"https:\/\/finances.gov.bi\/wp-content\/uploads\/2021\/01\/embleme_burundi_0-80x90.png\" class=\"pt-cv-thumbnail pull-left\" alt=\"\" decoding=\"async\" \/><\/a><\/div>\n<div class=\"pt-cv-colwrap\"><h4 class=\"pt-cv-title\"><a href=\"https:\/\/finances.gov.bi\/index.php\/2025\/09\/23\/decret-n100-018-du-17-septembre-2025-portant-modification-du-decret-n100-002-du-05-aout-2025-portant-structure-fonctionnement-et-missions-du-gouvernement-de-la-republique-du-burundi\/\" class=\"_self\" target=\"_self\" >D\u00e9cret n\u00b0100\/018 du 17 septembre 2025 portant modification du d\u00e9cret n\u00b0100\/002 du 05 ao\u00fbt 2025 portant structure, fonctionnement et missions du gouvernement de la r\u00e9publique du Burundi.<\/a><\/h4><\/div><\/div>\n<div class=\" pt-cv-content-item pt-cv-2-col\" ><div class=\"pt-cv-thumb-wrapper pull-left \"><a href=\"https:\/\/finances.gov.bi\/index.php\/2025\/09\/18\/decret-n100-024-du18-septembre-2025-portant-missions-organisation-et-fonctionnement-du-ministere-des-finances-du-budget-et-de-leconomie-numerique\/\" class=\"_self pt-cv-href-thumbnail pt-cv-thumb-left\" target=\"_self\" ><img width=\"80\" height=\"90\" src=\"https:\/\/finances.gov.bi\/wp-content\/uploads\/2021\/01\/embleme_burundi_0-80x90.png\" class=\"pt-cv-thumbnail pull-left\" alt=\"\" decoding=\"async\" \/><\/a><\/div>\n<div class=\"pt-cv-colwrap\"><h4 class=\"pt-cv-title\"><a href=\"https:\/\/finances.gov.bi\/index.php\/2025\/09\/18\/decret-n100-024-du18-septembre-2025-portant-missions-organisation-et-fonctionnement-du-ministere-des-finances-du-budget-et-de-leconomie-numerique\/\" class=\"_self\" target=\"_self\" >D\u00e9cret n\u00b0100\/024 du18  septembre 2025 portant missions, organisation et fonctionnement du Minist\u00e8re des Finances, du Budget et de l&#8217;Economie Num\u00e9rique.<\/a><\/h4><\/div><\/div>\n<div class=\" pt-cv-content-item pt-cv-2-col\" ><div class=\"pt-cv-thumb-wrapper pull-left \"><a href=\"https:\/\/finances.gov.bi\/index.php\/2025\/07\/25\/decret-n100-089-du-11-juillet-2025-portant-reorganisation-de-ladministration-provinciale\/\" class=\"_self pt-cv-href-thumbnail pt-cv-thumb-left\" target=\"_self\" ><img width=\"80\" height=\"90\" src=\"https:\/\/finances.gov.bi\/wp-content\/uploads\/2021\/01\/embleme_burundi_0-80x90.png\" class=\"pt-cv-thumbnail pull-left\" alt=\"\" decoding=\"async\" \/><\/a><\/div>\n<div class=\"pt-cv-colwrap\"><h4 class=\"pt-cv-title\"><a href=\"https:\/\/finances.gov.bi\/index.php\/2025\/07\/25\/decret-n100-089-du-11-juillet-2025-portant-reorganisation-de-ladministration-provinciale\/\" class=\"_self\" target=\"_self\" >D\u00e9cret N\u00b0100\/089 du 11 juillet 2025 portant r\u00e9organisation de l\u2019administration provinciale.<\/a><\/h4><\/div><\/div>\n<div class=\" pt-cv-content-item pt-cv-2-col\" ><div class=\"pt-cv-thumb-wrapper pull-left \"><a href=\"https:\/\/finances.gov.bi\/index.php\/2025\/07\/25\/decret-n100-032-du-27-mars-2025-portant-publication-des-resultats-preliminaires-du-recensement-generale-de-la-population-de-lhabitat-de-lagriculture-et-de-lelevage-a\/\" class=\"_self pt-cv-href-thumbnail pt-cv-thumb-left\" target=\"_self\" ><img width=\"80\" height=\"90\" src=\"https:\/\/finances.gov.bi\/wp-content\/uploads\/2021\/01\/embleme_burundi_0-80x90.png\" class=\"pt-cv-thumbnail pull-left\" alt=\"\" decoding=\"async\" \/><\/a><\/div>\n<div class=\"pt-cv-colwrap\"><h4 class=\"pt-cv-title\"><a href=\"https:\/\/finances.gov.bi\/index.php\/2025\/07\/25\/decret-n100-032-du-27-mars-2025-portant-publication-des-resultats-preliminaires-du-recensement-generale-de-la-population-de-lhabitat-de-lagriculture-et-de-lelevage-a\/\" class=\"_self\" target=\"_self\" >D\u00e9cret N\u00b0100\/032 du 27 mars 2025 portant publication des r\u00e9sultats pr\u00e9liminaires du recensement g\u00e9n\u00e9rale de la population, de l\u2019habitat, de l\u2019agriculture et de l\u2019\u00e9levage au Burundi, \u00e9dition 2024 (RGPHAE).<\/a><\/h4><\/div><\/div>\n<div class=\" pt-cv-content-item pt-cv-2-col\" ><div class=\"pt-cv-thumb-wrapper pull-left \"><a href=\"https:\/\/finances.gov.bi\/index.php\/2025\/07\/25\/decret-n100-179-du-05-decembre-2024-portant-nomination-dun-administrateur-representant-letat-du-burundi-au-conseil-dadministration-du-fonds-dimpulsion-de-gar\/\" class=\"_self pt-cv-href-thumbnail pt-cv-thumb-left\" target=\"_self\" ><img width=\"80\" height=\"90\" src=\"https:\/\/finances.gov.bi\/wp-content\/uploads\/2021\/01\/embleme_burundi_0-80x90.png\" class=\"pt-cv-thumbnail pull-left\" alt=\"\" decoding=\"async\" \/><\/a><\/div>\n<div class=\"pt-cv-colwrap\"><h4 class=\"pt-cv-title\"><a href=\"https:\/\/finances.gov.bi\/index.php\/2025\/07\/25\/decret-n100-179-du-05-decembre-2024-portant-nomination-dun-administrateur-representant-letat-du-burundi-au-conseil-dadministration-du-fonds-dimpulsion-de-gar\/\" class=\"_self\" target=\"_self\" >D\u00e9cret N\u00b0100\/179 du 05 d\u00e9cembre 2024 portant nomination d\u2019un administrateur representant l\u2019etat du Burundi au conseil d\u2019administration du fonds d\u2019impulsion, de garantie d\u2019accompagnement \u201cFIGA sm\u201d.<\/a><\/h4><\/div><\/div>\n<div class=\" pt-cv-content-item pt-cv-2-col\" ><div class=\"pt-cv-thumb-wrapper pull-left \"><a href=\"https:\/\/finances.gov.bi\/index.php\/2025\/02\/28\/decret-n100-060-du-24-avril-2024-portant-cadre-general-du-cahier-des-charges-des-inspections-ministerielles-et-services-de-controle-interne-de-ladministration-publique-burundaise\/\" class=\"_self pt-cv-href-thumbnail pt-cv-thumb-left\" target=\"_self\" ><img width=\"80\" height=\"90\" src=\"https:\/\/finances.gov.bi\/wp-content\/uploads\/2021\/01\/embleme_burundi_0-80x90.png\" class=\"pt-cv-thumbnail pull-left\" alt=\"\" decoding=\"async\" \/><\/a><\/div>\n<div class=\"pt-cv-colwrap\"><h4 class=\"pt-cv-title\"><a href=\"https:\/\/finances.gov.bi\/index.php\/2025\/02\/28\/decret-n100-060-du-24-avril-2024-portant-cadre-general-du-cahier-des-charges-des-inspections-ministerielles-et-services-de-controle-interne-de-ladministration-publique-burundaise\/\" class=\"_self\" target=\"_self\" >D\u00e9cret N\u00b0100\/060 du 24 Avril 2024\u00a0 portant cadre g\u00e9n\u00e9ral du cahier des charges des inspections minist\u00e9rielles et services de contr\u00f4le interne de l&#8217;Administration publique burundaise.<\/a><\/h4><\/div><\/div>\n<div class=\" pt-cv-content-item pt-cv-2-col\" ><div class=\"pt-cv-thumb-wrapper pull-left \"><a href=\"https:\/\/finances.gov.bi\/index.php\/2025\/02\/05\/decret-n100-o46-du-15-mars-2024-portant-nomination-des-hauts-cadres-et-cadres-du-ministere-des-finances-du-budget-et-de-la-planification-economiques\/\" class=\"_self pt-cv-href-thumbnail pt-cv-thumb-left\" target=\"_self\" ><img width=\"80\" height=\"90\" src=\"https:\/\/finances.gov.bi\/wp-content\/uploads\/2021\/01\/embleme_burundi_0-80x90.png\" class=\"pt-cv-thumbnail pull-left\" alt=\"\" decoding=\"async\" \/><\/a><\/div>\n<div class=\"pt-cv-colwrap\"><h4 class=\"pt-cv-title\"><a href=\"https:\/\/finances.gov.bi\/index.php\/2025\/02\/05\/decret-n100-o46-du-15-mars-2024-portant-nomination-des-hauts-cadres-et-cadres-du-ministere-des-finances-du-budget-et-de-la-planification-economiques\/\" class=\"_self\" target=\"_self\" >D\u00e9cret N\u00b0100\/O46\u00a0 du 15 Mars 2024 portant nomination des hauts cadres\u00a0 et cadres du Minist\u00e8re des Finances , du Budget et de la Planification Economiques.<\/a><\/h4><\/div><\/div>\n<div class=\" pt-cv-content-item pt-cv-2-col\" ><div class=\"pt-cv-thumb-wrapper pull-left \"><a href=\"https:\/\/finances.gov.bi\/index.php\/2024\/11\/13\/decret-n100-166-du-24-octobre-2024-portant-fonction-de-comptable-public\/\" class=\"_self pt-cv-href-thumbnail pt-cv-thumb-left\" target=\"_self\" ><img width=\"80\" height=\"90\" src=\"https:\/\/finances.gov.bi\/wp-content\/uploads\/2021\/01\/embleme_burundi_0-80x90.png\" class=\"pt-cv-thumbnail pull-left\" alt=\"\" decoding=\"async\" \/><\/a><\/div>\n<div class=\"pt-cv-colwrap\"><h4 class=\"pt-cv-title\"><a href=\"https:\/\/finances.gov.bi\/index.php\/2024\/11\/13\/decret-n100-166-du-24-octobre-2024-portant-fonction-de-comptable-public\/\" class=\"_self\" target=\"_self\" >D\u00e9cret N\u00b0100\/166 du\u00a0 24\u00a0 Octobre\u00a0 2024 portant fonction de comptable public.<\/a><\/h4><\/div><\/div>\n<div class=\" pt-cv-content-item pt-cv-2-col\" ><div class=\"pt-cv-thumb-wrapper pull-left \"><a href=\"https:\/\/finances.gov.bi\/index.php\/2024\/11\/13\/decret-n100-168-du-04-novembre-2024-portant-reglement-de-la-comptabilite-des-matieres-de-letat-et-autres-organismes-publics\/\" class=\"_self pt-cv-href-thumbnail pt-cv-thumb-left\" target=\"_self\" ><img width=\"80\" height=\"90\" src=\"https:\/\/finances.gov.bi\/wp-content\/uploads\/2021\/01\/embleme_burundi_0-80x90.png\" class=\"pt-cv-thumbnail pull-left\" alt=\"\" decoding=\"async\" \/><\/a><\/div>\n<div class=\"pt-cv-colwrap\"><h4 class=\"pt-cv-title\"><a href=\"https:\/\/finances.gov.bi\/index.php\/2024\/11\/13\/decret-n100-168-du-04-novembre-2024-portant-reglement-de-la-comptabilite-des-matieres-de-letat-et-autres-organismes-publics\/\" class=\"_self\" target=\"_self\" >D\u00e9cret N\u00b0100\/168 du 04 Novembre 2024 portant r\u00e8glement de la comptabilit\u00e9 des mati\u00e8res de l&#8217;Etat et autres organismes publics.<\/a><\/h4><\/div><\/div><\/div><\/div>\n<div class=\" pt-cv-pagination-wrapper\"><ul class=\"pt-cv-pagination pt-cv-ajax pagination\" data-totalpages=\"3\" data-currentpage=\"1\" data-sid=\"b92ba8cq86\" data-unid=\"\" data-isblock=\"\" data-postid=\"\"><li class=\"active\"><a href=\"#\">1<\/a><\/li>\n\t<li ><a class=\"\" href=\"https:\/\/finances.gov.bi\/index.php\/wp-json\/wp\/v2\/pages\/56\/?_page=2\">2<\/a><\/li>\n\t<li ><a class=\"\" href=\"https:\/\/finances.gov.bi\/index.php\/wp-json\/wp\/v2\/pages\/56\/?_page=3\">3<\/a><\/li>\n\t<li ><a class=\" \" href=\"https:\/\/finances.gov.bi\/index.php\/wp-json\/wp\/v2\/pages\/56\/?_page=2\">&rsaquo;<\/a><\/li>\n\t<\/ul><img width=\"15\" height=\"15\" class=\"pt-cv-spinner\" alt=\"Chargement\u2026\" src=\"data:image\/gif;base64,R0lGODlhDwAPALMPAMrKygwMDJOTkz09PZWVla+vr3p6euTk5M7OzuXl5TMzMwAAAJmZmWZmZszMzP\/\/\/yH\/C05FVFNDQVBFMi4wAwEAAAAh+QQFCgAPACwAAAAADwAPAAAEQvDJaZaZOIcV8iQK8VRX4iTYoAwZ4iCYoAjZ4RxejhVNoT+mRGP4cyF4Pp0N98sBGIBMEMOotl6YZ3S61Bmbkm4mAgAh+QQFCgAPACwAAAAADQANAAAENPDJSRSZeA418itN8QiK8BiLITVsFiyBBIoYqnoewAD4xPw9iY4XLGYSjkQR4UAUD45DLwIAIfkEBQoADwAsAAAAAA8ACQAABC\/wyVlamTi3nSdgwFNdhEJgTJoNyoB9ISYoQmdjiZPcj7EYCAeCF1gEDo4Dz2eIAAAh+QQFCgAPACwCAAAADQANAAAEM\/DJBxiYeLKdX3IJZT1FU0iIg2RNKx3OkZVnZ98ToRD4MyiDnkAh6BkNC0MvsAj0kMpHBAAh+QQFCgAPACwGAAAACQAPAAAEMDC59KpFDll73HkAA2wVY5KgiK5b0RRoI6MuzG6EQqCDMlSGheEhUAgqgUUAFRySIgAh+QQFCgAPACwCAAIADQANAAAEM\/DJKZNLND\/kkKaHc3xk+QAMYDKsiaqmZCxGVjSFFCxB1vwy2oOgIDxuucxAMTAJFAJNBAAh+QQFCgAPACwAAAYADwAJAAAEMNAs86q1yaWwwv2Ig0jUZx3OYa4XoRAfwADXoAwfo1+CIjyFRuEho60aSNYlOPxEAAAh+QQFCgAPACwAAAIADQANAAAENPA9s4y8+IUVcqaWJ4qEQozSoAzoIyhCK2NFU2SJk0hNnyEOhKR2AzAAj4Pj4GE4W0bkJQIAOw==\" \/><div class=\"clear pt-cv-clear-pagination\"><\/div><\/div><\/div>\t\t\t<style type=\"text\/css\" id=\"pt-cv-inline-style-796a369k7p\">\n#pt-cv-view-b92ba8cq86 .pt-cv-thumb-wrapper:not(.miniwrap) { width: 10%; }#pt-cv-view-b92ba8cq86 .pt-cv-thumbnail:not(.pt-cv-thumbnailsm) { height: 100px; }#pt-cv-view-b92ba8cq86 > .pt-cv-page {grid-template-columns: repeat(1, 1fr);grid-gap: 15px;}\n@media all and (max-width: 1024px) { \n#pt-cv-view-b92ba8cq86 > .pt-cv-page {grid-template-columns: repeat(2, 1fr);}\n} \n@media all and (max-width: 767px) { \n#pt-cv-view-b92ba8cq86 > .pt-cv-page {grid-template-columns: repeat(2, 1fr);}\n} <\/style>\r\n\t\t\t\n","protected":false},"excerpt":{"rendered":"","protected":false},"author":1,"featured_media":0,"parent":0,"menu_order":0,"comment_status":"closed","ping_status":"closed","template":"","meta":[],"folder":[],"_links":{"self":[{"href":"https:\/\/finances.gov.bi\/index.php\/wp-json\/wp\/v2\/pages\/56"}],"collection":[{"href":"https:\/\/finances.gov.bi\/index.php\/wp-json\/wp\/v2\/pages"}],"about":[{"href":"https:\/\/finances.gov.bi\/index.php\/wp-json\/wp\/v2\/types\/page"}],"author":[{"embeddable":true,"href":"https:\/\/finances.gov.bi\/index.php\/wp-json\/wp\/v2\/users\/1"}],"replies":[{"embeddable":true,"href":"https:\/\/finances.gov.bi\/index.php\/wp-json\/wp\/v2\/comments?post=56"}],"version-history":[{"count":2,"href":"https:\/\/finances.gov.bi\/index.php\/wp-json\/wp\/v2\/pages\/56\/revisions"}],"predecessor-version":[{"id":3505,"href":"https:\/\/finances.gov.bi\/index.php\/wp-json\/wp\/v2\/pages\/56\/revisions\/3505"}],"wp:attachment":[{"href":"https:\/\/finances.gov.bi\/index.php\/wp-json\/wp\/v2\/media?parent=56"}],"wp:term":[{"taxonomy":"folder","embeddable":true,"href":"https:\/\/finances.gov.bi\/index.php\/wp-json\/wp\/v2\/folder?post=56"}],"curies":[{"name":"wp","href":"https:\/\/api.w.org\/{rel}","templated":true}]}}